{"id":31226,"date":"2016-02-15T14:10:18","date_gmt":"2016-02-15T13:10:18","guid":{"rendered":"https:\/\/www.lippstaedteranhaenger.de\/es\/?page_id=31226"},"modified":"2016-03-03T13:33:59","modified_gmt":"2016-03-03T12:33:59","slug":"la-empresa","status":"publish","type":"page","link":"https:\/\/www.lippstaedteranhaenger.de\/es\/la-empresa\/","title":{"rendered":"La empresa"},"content":{"rendered":"<h2>Lippst\u00e4dter Anh\u00e4nger GmbH, el mayor ofertante de sistemas intercambiables de 2\u00aa. MANO y de 1\u00aa. CATEGOR\u00cdA de toda Europa.<\/h2>\n<p><img loading=\"lazy\" class=\"alignright size-golden-ratio-small wp-image-77\" src=\"https:\/\/www.lippstaedteranhaenger.de\/wp-content\/uploads\/\/1klasse-wechselsysteme-aus-2hand-375x201.png\" alt=\"1. Klasse Wechselsysteme aus 2. Hand\" width=\"375\" height=\"201\" srcset=\"https:\/\/www.lippstaedteranhaenger.de\/wp-content\/uploads\/1klasse-wechselsysteme-aus-2hand-375x201.png 375w, https:\/\/www.lippstaedteranhaenger.de\/wp-content\/uploads\/1klasse-wechselsysteme-aus-2hand-320x172.png 320w, https:\/\/www.lippstaedteranhaenger.de\/wp-content\/uploads\/1klasse-wechselsysteme-aus-2hand.png 436w\" sizes=\"(max-width: 375px) 100vw, 375px\" \/><\/p>\n<p>El n\u00facleo de nuestra actividad consiste en el <strong>comercio, la puesta a punto y la mejora de sistemas de carrocer\u00edas intercambiables<\/strong> BDF y de sus correspondientes remolques que ofrecemos en toda Alemania\/Europa. Se trata en su mayor\u00eda de sistemas intercambiables revisados t\u00e9cnicamente, reci\u00e9n pintados y verificados por lo que respecta a su correcto funcionamiento (Dekra).<\/p>\n<p>La existencia de nuestra empresa se remonta al a\u00f1o 1899, en un primer momento se dedic\u00f3 a la construcci\u00f3n de carruajes y coches de caballos destinados a todos los \u00e1mbitos bajo el nombre de Fahrzeugbau Th. Beumer; m\u00e1s tarde comenz\u00f3 a producir remolques y sistemas de carrocer\u00edas de todo tipo.<\/p>\n<p>Actualmente somos una empresa que opera a nivel internacional y que es conocida en el ramo m\u00e1s all\u00e1 de nuestras fronteras vinculada a los sistemas intercambiables BDF.<\/p>\n<div class='box sprechblase '>\n<h2 style=\"text-align: center;\">Filosof\u00eda<\/h2>\n<p class=\"hallo-welt\">\u203a\u203a Fieles al lema \u201cEl cliente es el rey\u201d llevamos m\u00e1s de 100 a\u00f1os dando prioridad al cliente y a la \u00f3ptima satisfacci\u00f3n de sus deseos. La interrelaci\u00f3n cooperativa ha sido y es la filosof\u00eda de la empresa Lippst\u00e4dter Anh\u00e4nger GmbH. \u2039\u2039<\/p>\n<p style=\"text-align: center;\">Dietmar Beumer &#8211; Gesch\u00e4ftsf\u00fchrender Gesellschafter<\/p>\n<\/div>\n","protected":false},"excerpt":{"rendered":"<p>Lippst\u00e4dter Anh\u00e4nger GmbH, el mayor ofertante de sistemas intercambiables de 2\u00aa. MANO y de 1\u00aa. CATEGOR\u00cdA de toda Europa. El n\u00facleo de nuestra actividad consiste en el comercio, la puesta a punto y la mejora de sistemas de carrocer\u00edas intercambiables BDF y de sus correspondientes remolques que ofrecemos en toda Alemania\/Europa. Se trata en su [&hellip;]<\/p>\n","protected":false},"author":1,"featured_media":0,"parent":0,"menu_order":40,"comment_status":"open","ping_status":"open","template":"","meta":[],"yoast_head":"<!-- This site is optimized with the Yoast SEO plugin v17.0 - https:\/\/yoast.com\/wordpress\/plugins\/seo\/ -->\n<title>La empresa - Lippst\u00e4dter Anh\u00e4nger<\/title>\n<meta name=\"robots\" content=\"index, follow, max-snippet:-1, max-image-preview:large, max-video-preview:-1\" \/>\n<link rel=\"canonical\" href=\"https:\/\/www.lippstaedteranhaenger.de\/es\/la-empresa\/\" \/>\n<meta property=\"og:locale\" content=\"es_ES\" \/>\n<meta property=\"og:type\" content=\"article\" \/>\n<meta property=\"og:title\" content=\"La empresa - Lippst\u00e4dter Anh\u00e4nger\" \/>\n<meta property=\"og:description\" content=\"Lippst\u00e4dter Anh\u00e4nger GmbH, el mayor ofertante de sistemas intercambiables de 2\u00aa. MANO y de 1\u00aa. CATEGOR\u00cdA de toda Europa. El n\u00facleo de nuestra actividad consiste en el comercio, la puesta a punto y la mejora de sistemas de carrocer\u00edas intercambiables BDF y de sus correspondientes remolques que ofrecemos en toda Alemania\/Europa. Se trata en su [&hellip;]\" \/>\n<meta property=\"og:url\" content=\"https:\/\/www.lippstaedteranhaenger.de\/es\/la-empresa\/\" \/>\n<meta property=\"og:site_name\" content=\"Lippst\u00e4dter Anh\u00e4nger\" \/>\n<meta property=\"article:publisher\" content=\"https:\/\/www.facebook.com\/lippstaedteranhaenger.de\" \/>\n<meta property=\"article:modified_time\" content=\"2016-03-03T12:33:59+00:00\" \/>\n<meta property=\"og:image\" content=\"https:\/\/www.lippstaedteranhaenger.de\/wp-content\/uploads\/1klasse-wechselsysteme-aus-2hand-375x201.png\" \/>\n<meta name=\"twitter:label1\" content=\"Est. reading time\" \/>\n\t<meta name=\"twitter:data1\" content=\"1 minute\" \/>\n<script type=\"application\/ld+json\" class=\"yoast-schema-graph\">{\"@context\":\"https:\/\/schema.org\",\"@graph\":[{\"@type\":\"WebSite\",\"@id\":\"https:\/\/www.lippstaedteranhaenger.de\/#website\",\"url\":\"https:\/\/www.lippstaedteranhaenger.de\/\",\"name\":\"Lippst\\u00e4dter Anh\\u00e4nger\",\"description\":\"\",\"potentialAction\":[{\"@type\":\"SearchAction\",\"target\":{\"@type\":\"EntryPoint\",\"urlTemplate\":\"https:\/\/www.lippstaedteranhaenger.de\/?s={search_term_string}\"},\"query-input\":\"required name=search_term_string\"}],\"inLanguage\":\"es-ES\"},{\"@type\":\"ImageObject\",\"@id\":\"https:\/\/www.lippstaedteranhaenger.de\/es\/la-empresa\/#primaryimage\",\"inLanguage\":\"es-ES\",\"url\":\"https:\/\/www.lippstaedteranhaenger.de\/wp-content\/uploads\/\/1klasse-wechselsysteme-aus-2hand-375x201.png\",\"contentUrl\":\"https:\/\/www.lippstaedteranhaenger.de\/wp-content\/uploads\/\/1klasse-wechselsysteme-aus-2hand-375x201.png\"},{\"@type\":\"WebPage\",\"@id\":\"https:\/\/www.lippstaedteranhaenger.de\/es\/la-empresa\/#webpage\",\"url\":\"https:\/\/www.lippstaedteranhaenger.de\/es\/la-empresa\/\",\"name\":\"La empresa - Lippst\\u00e4dter Anh\\u00e4nger\",\"isPartOf\":{\"@id\":\"https:\/\/www.lippstaedteranhaenger.de\/#website\"},\"primaryImageOfPage\":{\"@id\":\"https:\/\/www.lippstaedteranhaenger.de\/es\/la-empresa\/#primaryimage\"},\"datePublished\":\"2016-02-15T13:10:18+00:00\",\"dateModified\":\"2016-03-03T12:33:59+00:00\",\"breadcrumb\":{\"@id\":\"https:\/\/www.lippstaedteranhaenger.de\/es\/la-empresa\/#breadcrumb\"},\"inLanguage\":\"es-ES\",\"potentialAction\":[{\"@type\":\"ReadAction\",\"target\":[\"https:\/\/www.lippstaedteranhaenger.de\/es\/la-empresa\/\"]}]},{\"@type\":\"BreadcrumbList\",\"@id\":\"https:\/\/www.lippstaedteranhaenger.de\/es\/la-empresa\/#breadcrumb\",\"itemListElement\":[{\"@type\":\"ListItem\",\"position\":1,\"name\":\"Startseite\",\"item\":\"https:\/\/www.lippstaedteranhaenger.de\/es\/\"},{\"@type\":\"ListItem\",\"position\":2,\"name\":\"La empresa\"}]}]}<\/script>\n<!-- \/ Yoast SEO plugin. -->","yoast_head_json":{"title":"La empresa - Lippst\u00e4dter Anh\u00e4nger","robots":{"index":"index","follow":"follow","max-snippet":"max-snippet:-1","max-image-preview":"max-image-preview:large","max-video-preview":"max-video-preview:-1"},"canonical":"https:\/\/www.lippstaedteranhaenger.de\/es\/la-empresa\/","og_locale":"es_ES","og_type":"article","og_title":"La empresa - Lippst\u00e4dter Anh\u00e4nger","og_description":"Lippst\u00e4dter Anh\u00e4nger GmbH, el mayor ofertante de sistemas intercambiables de 2\u00aa. MANO y de 1\u00aa. CATEGOR\u00cdA de toda Europa. El n\u00facleo de nuestra actividad consiste en el comercio, la puesta a punto y la mejora de sistemas de carrocer\u00edas intercambiables BDF y de sus correspondientes remolques que ofrecemos en toda Alemania\/Europa. Se trata en su [&hellip;]","og_url":"https:\/\/www.lippstaedteranhaenger.de\/es\/la-empresa\/","og_site_name":"Lippst\u00e4dter Anh\u00e4nger","article_publisher":"https:\/\/www.facebook.com\/lippstaedteranhaenger.de","article_modified_time":"2016-03-03T12:33:59+00:00","og_image":[{"url":"https:\/\/www.lippstaedteranhaenger.de\/wp-content\/uploads\/1klasse-wechselsysteme-aus-2hand-375x201.png"}],"twitter_misc":{"Est. reading time":"1 minute"},"schema":{"@context":"https:\/\/schema.org","@graph":[{"@type":"WebSite","@id":"https:\/\/www.lippstaedteranhaenger.de\/#website","url":"https:\/\/www.lippstaedteranhaenger.de\/","name":"Lippst\u00e4dter Anh\u00e4nger","description":"","potentialAction":[{"@type":"SearchAction","target":{"@type":"EntryPoint","urlTemplate":"https:\/\/www.lippstaedteranhaenger.de\/?s={search_term_string}"},"query-input":"required name=search_term_string"}],"inLanguage":"es-ES"},{"@type":"ImageObject","@id":"https:\/\/www.lippstaedteranhaenger.de\/es\/la-empresa\/#primaryimage","inLanguage":"es-ES","url":"https:\/\/www.lippstaedteranhaenger.de\/wp-content\/uploads\/\/1klasse-wechselsysteme-aus-2hand-375x201.png","contentUrl":"https:\/\/www.lippstaedteranhaenger.de\/wp-content\/uploads\/\/1klasse-wechselsysteme-aus-2hand-375x201.png"},{"@type":"WebPage","@id":"https:\/\/www.lippstaedteranhaenger.de\/es\/la-empresa\/#webpage","url":"https:\/\/www.lippstaedteranhaenger.de\/es\/la-empresa\/","name":"La empresa - Lippst\u00e4dter Anh\u00e4nger","isPartOf":{"@id":"https:\/\/www.lippstaedteranhaenger.de\/#website"},"primaryImageOfPage":{"@id":"https:\/\/www.lippstaedteranhaenger.de\/es\/la-empresa\/#primaryimage"},"datePublished":"2016-02-15T13:10:18+00:00","dateModified":"2016-03-03T12:33:59+00:00","breadcrumb":{"@id":"https:\/\/www.lippstaedteranhaenger.de\/es\/la-empresa\/#breadcrumb"},"inLanguage":"es-ES","potentialAction":[{"@type":"ReadAction","target":["https:\/\/www.lippstaedteranhaenger.de\/es\/la-empresa\/"]}]},{"@type":"BreadcrumbList","@id":"https:\/\/www.lippstaedteranhaenger.de\/es\/la-empresa\/#breadcrumb","itemListElement":[{"@type":"ListItem","position":1,"name":"Startseite","item":"https:\/\/www.lippstaedteranhaenger.de\/es\/"},{"@type":"ListItem","position":2,"name":"La empresa"}]}]}},"_links":{"self":[{"href":"https:\/\/www.lippstaedteranhaenger.de\/es\/wp-json\/wp\/v2\/pages\/31226"}],"collection":[{"href":"https:\/\/www.lippstaedteranhaenger.de\/es\/wp-json\/wp\/v2\/pages"}],"about":[{"href":"https:\/\/www.lippstaedteranhaenger.de\/es\/wp-json\/wp\/v2\/types\/page"}],"author":[{"embeddable":true,"href":"https:\/\/www.lippstaedteranhaenger.de\/es\/wp-json\/wp\/v2\/users\/1"}],"replies":[{"embeddable":true,"href":"https:\/\/www.lippstaedteranhaenger.de\/es\/wp-json\/wp\/v2\/comments?post=31226"}],"version-history":[{"count":3,"href":"https:\/\/www.lippstaedteranhaenger.de\/es\/wp-json\/wp\/v2\/pages\/31226\/revisions"}],"predecessor-version":[{"id":31397,"href":"https:\/\/www.lippstaedteranhaenger.de\/es\/wp-json\/wp\/v2\/pages\/31226\/revisions\/31397"}],"wp:attachment":[{"href":"https:\/\/www.lippstaedteranhaenger.de\/es\/wp-json\/wp\/v2\/media?parent=31226"}],"curies":[{"name":"wp","href":"https:\/\/api.w.org\/{rel}","templated":true}]}}