{"id":31269,"date":"2016-02-15T15:03:41","date_gmt":"2016-02-15T14:03:41","guid":{"rendered":"https:\/\/www.lippstaedteranhaenger.de\/es\/?page_id=31269"},"modified":"2016-02-16T12:07:34","modified_gmt":"2016-02-16T11:07:34","slug":"prestaciones","status":"publish","type":"page","link":"https:\/\/www.lippstaedteranhaenger.de\/es\/prestaciones\/","title":{"rendered":"Prestaciones"},"content":{"rendered":"<p>En nuestra superficie expositora de 25.000 m2 encontrar\u00e1 permanentemente m\u00e1s de 450 carrocer\u00edas intercambiables BDF y remolques intercambiables en diversos acabados a elegir. A trav\u00e9s de la b\u00fasqueda de veh\u00edculos obtendr\u00e1 una visi\u00f3n de conjunto de la oferta que va desde contenedores de almacenamiento intercambiables econ\u00f3micos pasando por carrocer\u00edas de plataforma para el sector de los materiales de construcci\u00f3n, cajas abiertas con diversos sistemas de lonas o carrocer\u00edas intercambiables cerradas con diferentes equipamientos interiores en acero, aluminio o en acabado en contrachapado, adem\u00e1s de informaci\u00f3n precisa tanto t\u00e9cnica como comercial. Tambi\u00e9n disponemos de contenedores intercambiables para congelaci\u00f3n\/ISO con o sin grupo refrigerante de calidad probada por lo que respecta al funcionamiento.<\/p>\n<p><img loading=\"lazy\" class=\"alignright size-golden-ratio-big wp-image-51\" src=\"https:\/\/www.lippstaedteranhaenger.de\/wp-content\/uploads\/\/Acr1472832-605x233.jpg\" alt=\"Acr1472832\" width=\"605\" height=\"233\" srcset=\"https:\/\/www.lippstaedteranhaenger.de\/wp-content\/uploads\/Acr1472832-605x233.jpg 605w, https:\/\/www.lippstaedteranhaenger.de\/wp-content\/uploads\/Acr1472832-490x189.jpg 490w, https:\/\/www.lippstaedteranhaenger.de\/wp-content\/uploads\/Acr1472832-320x123.jpg 320w, https:\/\/www.lippstaedteranhaenger.de\/wp-content\/uploads\/Acr1472832-375x144.jpg 375w, https:\/\/www.lippstaedteranhaenger.de\/wp-content\/uploads\/Acr1472832.jpg 751w, https:\/\/www.lippstaedteranhaenger.de\/wp-content\/uploads\/Acr1472832-320x123@2x.jpg 640w, https:\/\/www.lippstaedteranhaenger.de\/wp-content\/uploads\/Acr1472832-375x144@2x.jpg 750w\" sizes=\"(max-width: 605px) 100vw, 605px\" \/>Puede encargarnos la mejora de todas las carrocer\u00edas intercambiables o remolques intercambiables (cure\u00f1as) a fin de adaptarlos a finalidades espec\u00edficas.<\/p>\n<p>Por supuesto, a trav\u00e9s de Lippst\u00e4dter Anh\u00e4nger tambi\u00e9n puede adquirir remolques intercambiables nuevos de los m\u00e1s diversos fabricantes.<\/p>\n\t<div class=\"col col-1-2\">\n    \n<div class='box grau '>\n<h2>Un servicio especial para usted, la verificaci\u00f3n del funcionamiento exclusiva de DEKRA<\/h2>\n<p><img loading=\"lazy\" class=\"alignleft wp-image-59 size-full no-border-radius\" src=\"https:\/\/www.lippstaedteranhaenger.de\/wp-content\/uploads\/dekra.jpg\" alt=\"dekra\" width=\"253\" height=\"132\" \/>Como las carrocer\u00edas intercambiables BDF no est\u00e1n sujetas a inspecciones t\u00e9cnicas regulares obligatorias despu\u00e9s de la primera puesta en funcionamiento, encargamos a un perito de DEKRA la verificaci\u00f3n del correcto funcionamiento de todas las carrocer\u00edas intercambiables mejoradas o cuya t\u00e9cnica se haya puesto a punto antes de que vuelvan a entrar en servicio. Despu\u00e9s de dicha comprobaci\u00f3n todas las carrocer\u00edas intercambiables con funcionamiento verificado reciben el sello de calidad DEKRA que aparece reproducido en la imagen y que le permite estar plenamente seguro de haber hecho la elecci\u00f3n correcta.<br \/>\n<\/div>\n<h2>Servicio de entrega en toda Europa<\/h2>\n<p>Si el cliente lo desea, nuestro personal de servicio especialmente cualificado puede transportar todos los sistemas intercambiables con nuestro moderno parque m\u00f3vil hasta el lugar de destino m\u00e1s conveniente desde un punto de vista log\u00edstico por un precio de transporte (recargo en el precio) actualizado. De este modo lograr\u00e1 un ahorro considerable de gastos de personal y explotaci\u00f3n. Tambi\u00e9n recurrimos adicionalmente a los servicios de transportistas de entera confianza. Como es natural, nuestros clientes tambi\u00e9n pueden acudir con su propio cami\u00f3n a Lippstadt para recoger la carrocer\u00eda intercambiable o el remolque intercambiable reci\u00e9n adquirido. En la fecha de recogida las carrocer\u00edas intercambiables y los remolques estar\u00e1n listos en el estado acordado. Por supuesto, tambi\u00e9n tramitamos para nuestros clientes todas las formalidades aduaneras requeridas para la exportaci\u00f3n. Si se solicita, el conductor de plataforma intercambiable sin experiencia puede recibir una breve instrucci\u00f3n por parte del personal experimentado de Lippst\u00e4dter Anh\u00e4nger. Conv\u00e9nzase por s\u00ed mismo de nuestra eficiencia.<br \/>\n    <\/div>\n\t<div class=\"col col-1-2 col-last-col\">\n    \n<div class='box sprechblase '>\n<h2>Todos nuestros productos de un vistazo<\/h2>\n<ul>\n<li><strong>Cajas abiertas intercambiables<\/strong> con capota de lona plana de 7,15 m, 7,45 m y 7,82 m de largo<\/li>\n<li><strong>Cajas abiertas intercambiables<\/strong> con lona corrediza en altura normal y en versi\u00f3n jumbo de 7,15 m, 7,45 m y 7,82 m de largo<\/li>\n<li><strong>Cajas abiertas intercambiables combi<\/strong> por un lado pared lateral\/lona y por el otro lona corrediza de 7,45 m de largo<\/li>\n<li><strong>Cajas abiertas intercambiables<\/strong> como flats de 7,15 m y 7,45 m de largo<\/li>\n<li><strong>Contenedores intercambiables<\/strong> de acero, acanalados de 7,15 m y 7,45 m de largo<\/li>\n<li><strong>Contenedores intercambiables<\/strong> de acero, lisos, de 7,15 m, 7,45 m y 7,82 m de largo<\/li>\n<li><strong>Contenedores intercambiables<\/strong> de contrachapado (acabado para muebles) de 7,15 m y 7,45 m<\/li>\n<li><strong>Contenedores intercambiables<\/strong> de contrachapado (acabado para servicio de paqueter\u00eda con puerta enrollable) de 7,15 m, 7,45 m y 7,82 m<\/li>\n<li><strong>Contenedores intercambiables<\/strong> con aislamiento sandwich (para carga seca) de 7,15 m, 7,45 m y 7,82 m<\/li>\n<li><strong>Contenedores intercambiables<\/strong> con aislamiento sandwich (acabado para mercanc\u00eda congelada) de 7,15 m, 7,45 m y 7,82 m<\/li>\n<li><strong>Acabados especiales<\/strong> previa petici\u00f3n<\/li>\n<li><strong>Chasis intercambiables<\/strong> de dos ejes (acabado con traviesa giratoria) con altura de desplazamiento normal y en acabado jumbo para el transporte de carrocer\u00edas intercambiables de las longitudes antes mencionadas<\/li>\n<li><strong>Chasis intercambiables<\/strong> de dos ejes (acabado t\u00e1ndem) con altura de desplazamiento normal y en acabado jumbo para el transporte de carrocer\u00edas intercambiables de las longitudes antes mencionadas<\/li>\n<li><strong>Veh\u00edculos con diversas alturas de elevaci\u00f3n<\/strong> previa petici\u00f3n<\/li>\n<\/ul>\n<p>Todos los chasis intercambiables han sido puestos a punto por lo que respecta a la t\u00e9cnica, han superado una nueva inspecci\u00f3n general\/de seguridad, en su mayor\u00eda est\u00e1n reci\u00e9n pintados y est\u00e1n disponibles listos para el uso franco almac\u00e9n.<\/p>\n<\/div>\n<p>&nbsp;<\/p>\n    <\/div><div class=\"clearfix\"><\/div>\n","protected":false},"excerpt":{"rendered":"<p>En nuestra superficie expositora de 25.000 m2 encontrar\u00e1 permanentemente m\u00e1s de 450 carrocer\u00edas intercambiables BDF y remolques intercambiables en diversos acabados a elegir. A trav\u00e9s de la b\u00fasqueda de veh\u00edculos obtendr\u00e1 una visi\u00f3n de conjunto de la oferta que va desde contenedores de almacenamiento intercambiables econ\u00f3micos pasando por carrocer\u00edas de plataforma para el sector de [&hellip;]<\/p>\n","protected":false},"author":1,"featured_media":0,"parent":0,"menu_order":60,"comment_status":"open","ping_status":"open","template":"","meta":[],"yoast_head":"<!-- This site is optimized with the Yoast SEO plugin v17.0 - https:\/\/yoast.com\/wordpress\/plugins\/seo\/ -->\n<title>Prestaciones - Lippst\u00e4dter Anh\u00e4nger<\/title>\n<meta name=\"robots\" content=\"index, follow, max-snippet:-1, max-image-preview:large, max-video-preview:-1\" \/>\n<link rel=\"canonical\" href=\"https:\/\/www.lippstaedteranhaenger.de\/es\/prestaciones\/\" \/>\n<meta property=\"og:locale\" content=\"es_ES\" \/>\n<meta property=\"og:type\" content=\"article\" \/>\n<meta property=\"og:title\" content=\"Prestaciones - Lippst\u00e4dter Anh\u00e4nger\" \/>\n<meta property=\"og:description\" content=\"En nuestra superficie expositora de 25.000 m2 encontrar\u00e1 permanentemente m\u00e1s de 450 carrocer\u00edas intercambiables BDF y remolques intercambiables en diversos acabados a elegir. A trav\u00e9s de la b\u00fasqueda de veh\u00edculos obtendr\u00e1 una visi\u00f3n de conjunto de la oferta que va desde contenedores de almacenamiento intercambiables econ\u00f3micos pasando por carrocer\u00edas de plataforma para el sector de [&hellip;]\" \/>\n<meta property=\"og:url\" content=\"https:\/\/www.lippstaedteranhaenger.de\/es\/prestaciones\/\" \/>\n<meta property=\"og:site_name\" content=\"Lippst\u00e4dter Anh\u00e4nger\" \/>\n<meta property=\"article:publisher\" content=\"https:\/\/www.facebook.com\/lippstaedteranhaenger.de\" \/>\n<meta property=\"article:modified_time\" content=\"2016-02-16T11:07:34+00:00\" \/>\n<meta property=\"og:image\" content=\"https:\/\/www.lippstaedteranhaenger.de\/wp-content\/uploads\/Acr1472832-605x233.jpg\" \/>\n<meta name=\"twitter:label1\" content=\"Est. reading time\" \/>\n\t<meta name=\"twitter:data1\" content=\"4 minutes\" \/>\n<script type=\"application\/ld+json\" class=\"yoast-schema-graph\">{\"@context\":\"https:\/\/schema.org\",\"@graph\":[{\"@type\":\"WebSite\",\"@id\":\"https:\/\/www.lippstaedteranhaenger.de\/#website\",\"url\":\"https:\/\/www.lippstaedteranhaenger.de\/\",\"name\":\"Lippst\\u00e4dter Anh\\u00e4nger\",\"description\":\"\",\"potentialAction\":[{\"@type\":\"SearchAction\",\"target\":{\"@type\":\"EntryPoint\",\"urlTemplate\":\"https:\/\/www.lippstaedteranhaenger.de\/?s={search_term_string}\"},\"query-input\":\"required name=search_term_string\"}],\"inLanguage\":\"es-ES\"},{\"@type\":\"ImageObject\",\"@id\":\"https:\/\/www.lippstaedteranhaenger.de\/es\/prestaciones\/#primaryimage\",\"inLanguage\":\"es-ES\",\"url\":\"https:\/\/www.lippstaedteranhaenger.de\/wp-content\/uploads\/\/Acr1472832-605x233.jpg\",\"contentUrl\":\"https:\/\/www.lippstaedteranhaenger.de\/wp-content\/uploads\/\/Acr1472832-605x233.jpg\"},{\"@type\":\"WebPage\",\"@id\":\"https:\/\/www.lippstaedteranhaenger.de\/es\/prestaciones\/#webpage\",\"url\":\"https:\/\/www.lippstaedteranhaenger.de\/es\/prestaciones\/\",\"name\":\"Prestaciones - Lippst\\u00e4dter Anh\\u00e4nger\",\"isPartOf\":{\"@id\":\"https:\/\/www.lippstaedteranhaenger.de\/#website\"},\"primaryImageOfPage\":{\"@id\":\"https:\/\/www.lippstaedteranhaenger.de\/es\/prestaciones\/#primaryimage\"},\"datePublished\":\"2016-02-15T14:03:41+00:00\",\"dateModified\":\"2016-02-16T11:07:34+00:00\",\"breadcrumb\":{\"@id\":\"https:\/\/www.lippstaedteranhaenger.de\/es\/prestaciones\/#breadcrumb\"},\"inLanguage\":\"es-ES\",\"potentialAction\":[{\"@type\":\"ReadAction\",\"target\":[\"https:\/\/www.lippstaedteranhaenger.de\/es\/prestaciones\/\"]}]},{\"@type\":\"BreadcrumbList\",\"@id\":\"https:\/\/www.lippstaedteranhaenger.de\/es\/prestaciones\/#breadcrumb\",\"itemListElement\":[{\"@type\":\"ListItem\",\"position\":1,\"name\":\"Startseite\",\"item\":\"https:\/\/www.lippstaedteranhaenger.de\/es\/\"},{\"@type\":\"ListItem\",\"position\":2,\"name\":\"Prestaciones\"}]}]}<\/script>\n<!-- \/ Yoast SEO plugin. -->","yoast_head_json":{"title":"Prestaciones - Lippst\u00e4dter Anh\u00e4nger","robots":{"index":"index","follow":"follow","max-snippet":"max-snippet:-1","max-image-preview":"max-image-preview:large","max-video-preview":"max-video-preview:-1"},"canonical":"https:\/\/www.lippstaedteranhaenger.de\/es\/prestaciones\/","og_locale":"es_ES","og_type":"article","og_title":"Prestaciones - Lippst\u00e4dter Anh\u00e4nger","og_description":"En nuestra superficie expositora de 25.000 m2 encontrar\u00e1 permanentemente m\u00e1s de 450 carrocer\u00edas intercambiables BDF y remolques intercambiables en diversos acabados a elegir. A trav\u00e9s de la b\u00fasqueda de veh\u00edculos obtendr\u00e1 una visi\u00f3n de conjunto de la oferta que va desde contenedores de almacenamiento intercambiables econ\u00f3micos pasando por carrocer\u00edas de plataforma para el sector de [&hellip;]","og_url":"https:\/\/www.lippstaedteranhaenger.de\/es\/prestaciones\/","og_site_name":"Lippst\u00e4dter Anh\u00e4nger","article_publisher":"https:\/\/www.facebook.com\/lippstaedteranhaenger.de","article_modified_time":"2016-02-16T11:07:34+00:00","og_image":[{"url":"https:\/\/www.lippstaedteranhaenger.de\/wp-content\/uploads\/Acr1472832-605x233.jpg"}],"twitter_misc":{"Est. reading time":"4 minutes"},"schema":{"@context":"https:\/\/schema.org","@graph":[{"@type":"WebSite","@id":"https:\/\/www.lippstaedteranhaenger.de\/#website","url":"https:\/\/www.lippstaedteranhaenger.de\/","name":"Lippst\u00e4dter Anh\u00e4nger","description":"","potentialAction":[{"@type":"SearchAction","target":{"@type":"EntryPoint","urlTemplate":"https:\/\/www.lippstaedteranhaenger.de\/?s={search_term_string}"},"query-input":"required name=search_term_string"}],"inLanguage":"es-ES"},{"@type":"ImageObject","@id":"https:\/\/www.lippstaedteranhaenger.de\/es\/prestaciones\/#primaryimage","inLanguage":"es-ES","url":"https:\/\/www.lippstaedteranhaenger.de\/wp-content\/uploads\/\/Acr1472832-605x233.jpg","contentUrl":"https:\/\/www.lippstaedteranhaenger.de\/wp-content\/uploads\/\/Acr1472832-605x233.jpg"},{"@type":"WebPage","@id":"https:\/\/www.lippstaedteranhaenger.de\/es\/prestaciones\/#webpage","url":"https:\/\/www.lippstaedteranhaenger.de\/es\/prestaciones\/","name":"Prestaciones - Lippst\u00e4dter Anh\u00e4nger","isPartOf":{"@id":"https:\/\/www.lippstaedteranhaenger.de\/#website"},"primaryImageOfPage":{"@id":"https:\/\/www.lippstaedteranhaenger.de\/es\/prestaciones\/#primaryimage"},"datePublished":"2016-02-15T14:03:41+00:00","dateModified":"2016-02-16T11:07:34+00:00","breadcrumb":{"@id":"https:\/\/www.lippstaedteranhaenger.de\/es\/prestaciones\/#breadcrumb"},"inLanguage":"es-ES","potentialAction":[{"@type":"ReadAction","target":["https:\/\/www.lippstaedteranhaenger.de\/es\/prestaciones\/"]}]},{"@type":"BreadcrumbList","@id":"https:\/\/www.lippstaedteranhaenger.de\/es\/prestaciones\/#breadcrumb","itemListElement":[{"@type":"ListItem","position":1,"name":"Startseite","item":"https:\/\/www.lippstaedteranhaenger.de\/es\/"},{"@type":"ListItem","position":2,"name":"Prestaciones"}]}]}},"_links":{"self":[{"href":"https:\/\/www.lippstaedteranhaenger.de\/es\/wp-json\/wp\/v2\/pages\/31269"}],"collection":[{"href":"https:\/\/www.lippstaedteranhaenger.de\/es\/wp-json\/wp\/v2\/pages"}],"about":[{"href":"https:\/\/www.lippstaedteranhaenger.de\/es\/wp-json\/wp\/v2\/types\/page"}],"author":[{"embeddable":true,"href":"https:\/\/www.lippstaedteranhaenger.de\/es\/wp-json\/wp\/v2\/users\/1"}],"replies":[{"embeddable":true,"href":"https:\/\/www.lippstaedteranhaenger.de\/es\/wp-json\/wp\/v2\/comments?post=31269"}],"version-history":[{"count":3,"href":"https:\/\/www.lippstaedteranhaenger.de\/es\/wp-json\/wp\/v2\/pages\/31269\/revisions"}],"predecessor-version":[{"id":31349,"href":"https:\/\/www.lippstaedteranhaenger.de\/es\/wp-json\/wp\/v2\/pages\/31269\/revisions\/31349"}],"wp:attachment":[{"href":"https:\/\/www.lippstaedteranhaenger.de\/es\/wp-json\/wp\/v2\/media?parent=31269"}],"curies":[{"name":"wp","href":"https:\/\/api.w.org\/{rel}","templated":true}]}}