{"id":31324,"date":"2015-04-27T10:53:16","date_gmt":"2015-04-27T08:53:16","guid":{"rendered":"https:\/\/www.lippstaedteranhaenger.de\/es\/impressum\/"},"modified":"2023-11-29T11:36:21","modified_gmt":"2023-11-29T10:36:21","slug":"impressum","status":"publish","type":"page","link":"https:\/\/www.lippstaedteranhaenger.de\/es\/impressum\/","title":{"rendered":"Impressum\/Discalimer"},"content":{"rendered":"<p><em>Information pursuant to Sect. 5 German Telemedia Act (TMG)<\/em><\/p>\n<p><strong>Lippst\u00e4dter Anh\u00e4nger GmbH<\/strong><br \/>\nHans-Sachs-Str. 16<br \/>\n59558 Lippstadt<\/p>\n<p>Commercial Register: HRB 8055<br \/>\nRegistration court: Paderborn<\/p>\n<p>Represented by (CEO): Dietmar Beumer<\/p>\n<h2>Contact<\/h2>\n<p>Phone: +49 (0) 2941 \/ 978510<br \/>\nE-mail: info@lippstaedter-anhaenger.de<\/p>\n<h2>VAT ID<\/h2>\n<p>Sales tax identification number according to Sect. 27 a of the Sales Tax Law:<br \/>\nDE 814 661 261<\/p>\n<h2>EU dispute resolution<\/h2>\n<p>The European Commission provides a platform for online dispute resolution (ODR): <a href=\"https:\/\/ec.europa.eu\/consumers\/odr\/\" target=\"_blank\" rel=\"noopener noreferrer\">https:\/\/ec.europa.eu\/consumers\/odr\/<\/a>.<br \/>\nOur e-mail address can be found above in the site notice.<\/p>\n<h2>Dispute resolution proceedings in front of a consumer arbitration board<\/h2>\n<p>We are not willing or obliged to participate in dispute resolution proceedings in front of a consumer arbitration board.<\/p>\n","protected":false},"excerpt":{"rendered":"<p>Information pursuant to Sect. 5 German Telemedia Act (TMG) Lippst\u00e4dter Anh\u00e4nger GmbH Hans-Sachs-Str. 16 59558 Lippstadt Commercial Register: HRB 8055 Registration court: Paderborn Represented by (CEO): Dietmar Beumer Contact Phone: +49 (0) 2941 \/ 978510 E-mail: info@lippstaedter-anhaenger.de VAT ID Sales tax identification number according to Sect. 27 a of the Sales Tax Law: DE 814 [&hellip;]<\/p>\n","protected":false},"author":1,"featured_media":0,"parent":0,"menu_order":80,"comment_status":"open","ping_status":"open","template":"","meta":[],"yoast_head":"<!-- This site is optimized with the Yoast SEO plugin v17.0 - https:\/\/yoast.com\/wordpress\/plugins\/seo\/ -->\n<title>Impressum\/Discalimer - Lippst\u00e4dter Anh\u00e4nger<\/title>\n<meta name=\"robots\" content=\"index, follow, max-snippet:-1, max-image-preview:large, max-video-preview:-1\" \/>\n<link rel=\"canonical\" href=\"https:\/\/www.lippstaedteranhaenger.de\/es\/impressum\/\" \/>\n<meta property=\"og:locale\" content=\"es_ES\" \/>\n<meta property=\"og:type\" content=\"article\" \/>\n<meta property=\"og:title\" content=\"Impressum\/Discalimer - Lippst\u00e4dter Anh\u00e4nger\" \/>\n<meta property=\"og:description\" content=\"Information pursuant to Sect. 5 German Telemedia Act (TMG) Lippst\u00e4dter Anh\u00e4nger GmbH Hans-Sachs-Str. 16 59558 Lippstadt Commercial Register: HRB 8055 Registration court: Paderborn Represented by (CEO): Dietmar Beumer Contact Phone: +49 (0) 2941 \/ 978510 E-mail: info@lippstaedter-anhaenger.de VAT ID Sales tax identification number according to Sect. 27 a of the Sales Tax Law: DE 814 [&hellip;]\" \/>\n<meta property=\"og:url\" content=\"https:\/\/www.lippstaedteranhaenger.de\/es\/impressum\/\" \/>\n<meta property=\"og:site_name\" content=\"Lippst\u00e4dter Anh\u00e4nger\" \/>\n<meta property=\"article:publisher\" content=\"https:\/\/www.facebook.com\/lippstaedteranhaenger.de\" \/>\n<meta property=\"article:modified_time\" content=\"2023-11-29T10:36:21+00:00\" \/>\n<meta property=\"og:image\" content=\"https:\/\/www.lippstaedteranhaenger.de\/wp-content\/uploads\/logo-lippstaedter-anhaenger.png\" \/>\n\t<meta property=\"og:image:width\" content=\"600\" \/>\n\t<meta property=\"og:image:height\" content=\"600\" \/>\n<meta name=\"twitter:label1\" content=\"Est. reading time\" \/>\n\t<meta name=\"twitter:data1\" content=\"1 minute\" \/>\n<script type=\"application\/ld+json\" class=\"yoast-schema-graph\">{\"@context\":\"https:\/\/schema.org\",\"@graph\":[{\"@type\":\"WebSite\",\"@id\":\"https:\/\/www.lippstaedteranhaenger.de\/#website\",\"url\":\"https:\/\/www.lippstaedteranhaenger.de\/\",\"name\":\"Lippst\\u00e4dter Anh\\u00e4nger\",\"description\":\"\",\"potentialAction\":[{\"@type\":\"SearchAction\",\"target\":{\"@type\":\"EntryPoint\",\"urlTemplate\":\"https:\/\/www.lippstaedteranhaenger.de\/?s={search_term_string}\"},\"query-input\":\"required name=search_term_string\"}],\"inLanguage\":\"es-ES\"},{\"@type\":\"WebPage\",\"@id\":\"https:\/\/www.lippstaedteranhaenger.de\/es\/impressum\/#webpage\",\"url\":\"https:\/\/www.lippstaedteranhaenger.de\/es\/impressum\/\",\"name\":\"Impressum\/Discalimer - Lippst\\u00e4dter Anh\\u00e4nger\",\"isPartOf\":{\"@id\":\"https:\/\/www.lippstaedteranhaenger.de\/#website\"},\"datePublished\":\"2015-04-27T08:53:16+00:00\",\"dateModified\":\"2023-11-29T10:36:21+00:00\",\"breadcrumb\":{\"@id\":\"https:\/\/www.lippstaedteranhaenger.de\/es\/impressum\/#breadcrumb\"},\"inLanguage\":\"es-ES\",\"potentialAction\":[{\"@type\":\"ReadAction\",\"target\":[\"https:\/\/www.lippstaedteranhaenger.de\/es\/impressum\/\"]}]},{\"@type\":\"BreadcrumbList\",\"@id\":\"https:\/\/www.lippstaedteranhaenger.de\/es\/impressum\/#breadcrumb\",\"itemListElement\":[{\"@type\":\"ListItem\",\"position\":1,\"name\":\"Startseite\",\"item\":\"https:\/\/www.lippstaedteranhaenger.de\/es\/\"},{\"@type\":\"ListItem\",\"position\":2,\"name\":\"Impressum\/Discalimer\"}]}]}<\/script>\n<!-- \/ Yoast SEO plugin. -->","yoast_head_json":{"title":"Impressum\/Discalimer - Lippst\u00e4dter Anh\u00e4nger","robots":{"index":"index","follow":"follow","max-snippet":"max-snippet:-1","max-image-preview":"max-image-preview:large","max-video-preview":"max-video-preview:-1"},"canonical":"https:\/\/www.lippstaedteranhaenger.de\/es\/impressum\/","og_locale":"es_ES","og_type":"article","og_title":"Impressum\/Discalimer - Lippst\u00e4dter Anh\u00e4nger","og_description":"Information pursuant to Sect. 5 German Telemedia Act (TMG) Lippst\u00e4dter Anh\u00e4nger GmbH Hans-Sachs-Str. 16 59558 Lippstadt Commercial Register: HRB 8055 Registration court: Paderborn Represented by (CEO): Dietmar Beumer Contact Phone: +49 (0) 2941 \/ 978510 E-mail: info@lippstaedter-anhaenger.de VAT ID Sales tax identification number according to Sect. 27 a of the Sales Tax Law: DE 814 [&hellip;]","og_url":"https:\/\/www.lippstaedteranhaenger.de\/es\/impressum\/","og_site_name":"Lippst\u00e4dter Anh\u00e4nger","article_publisher":"https:\/\/www.facebook.com\/lippstaedteranhaenger.de","article_modified_time":"2023-11-29T10:36:21+00:00","og_image":[{"width":600,"height":600,"url":"https:\/\/www.lippstaedteranhaenger.de\/wp-content\/uploads\/logo-lippstaedter-anhaenger.png","path":"\/var\/www\/vhosts\/lippstaedteranhaenger.de\/httpdocs\/wp-content\/uploads\/logo-lippstaedter-anhaenger.png","size":"full","id":36438,"alt":"","pixels":360000,"type":"image\/png"}],"twitter_misc":{"Est. reading time":"1 minute"},"schema":{"@context":"https:\/\/schema.org","@graph":[{"@type":"WebSite","@id":"https:\/\/www.lippstaedteranhaenger.de\/#website","url":"https:\/\/www.lippstaedteranhaenger.de\/","name":"Lippst\u00e4dter Anh\u00e4nger","description":"","potentialAction":[{"@type":"SearchAction","target":{"@type":"EntryPoint","urlTemplate":"https:\/\/www.lippstaedteranhaenger.de\/?s={search_term_string}"},"query-input":"required name=search_term_string"}],"inLanguage":"es-ES"},{"@type":"WebPage","@id":"https:\/\/www.lippstaedteranhaenger.de\/es\/impressum\/#webpage","url":"https:\/\/www.lippstaedteranhaenger.de\/es\/impressum\/","name":"Impressum\/Discalimer - Lippst\u00e4dter Anh\u00e4nger","isPartOf":{"@id":"https:\/\/www.lippstaedteranhaenger.de\/#website"},"datePublished":"2015-04-27T08:53:16+00:00","dateModified":"2023-11-29T10:36:21+00:00","breadcrumb":{"@id":"https:\/\/www.lippstaedteranhaenger.de\/es\/impressum\/#breadcrumb"},"inLanguage":"es-ES","potentialAction":[{"@type":"ReadAction","target":["https:\/\/www.lippstaedteranhaenger.de\/es\/impressum\/"]}]},{"@type":"BreadcrumbList","@id":"https:\/\/www.lippstaedteranhaenger.de\/es\/impressum\/#breadcrumb","itemListElement":[{"@type":"ListItem","position":1,"name":"Startseite","item":"https:\/\/www.lippstaedteranhaenger.de\/es\/"},{"@type":"ListItem","position":2,"name":"Impressum\/Discalimer"}]}]}},"_links":{"self":[{"href":"https:\/\/www.lippstaedteranhaenger.de\/es\/wp-json\/wp\/v2\/pages\/31324"}],"collection":[{"href":"https:\/\/www.lippstaedteranhaenger.de\/es\/wp-json\/wp\/v2\/pages"}],"about":[{"href":"https:\/\/www.lippstaedteranhaenger.de\/es\/wp-json\/wp\/v2\/types\/page"}],"author":[{"embeddable":true,"href":"https:\/\/www.lippstaedteranhaenger.de\/es\/wp-json\/wp\/v2\/users\/1"}],"replies":[{"embeddable":true,"href":"https:\/\/www.lippstaedteranhaenger.de\/es\/wp-json\/wp\/v2\/comments?post=31324"}],"version-history":[{"count":5,"href":"https:\/\/www.lippstaedteranhaenger.de\/es\/wp-json\/wp\/v2\/pages\/31324\/revisions"}],"predecessor-version":[{"id":56495,"href":"https:\/\/www.lippstaedteranhaenger.de\/es\/wp-json\/wp\/v2\/pages\/31324\/revisions\/56495"}],"wp:attachment":[{"href":"https:\/\/www.lippstaedteranhaenger.de\/es\/wp-json\/wp\/v2\/media?parent=31324"}],"curies":[{"name":"wp","href":"https:\/\/api.w.org\/{rel}","templated":true}]}}