{"id":31219,"date":"2016-02-15T14:03:37","date_gmt":"2016-02-15T13:03:37","guid":{"rendered":"https:\/\/www.lippstaedteranhaenger.de\/fr\/?page_id=31219"},"modified":"2016-08-25T11:56:37","modified_gmt":"2016-08-25T09:56:37","slug":"lentreprise","status":"publish","type":"page","link":"https:\/\/www.lippstaedteranhaenger.de\/fr\/lentreprise\/","title":{"rendered":"L\u2018entreprise"},"content":{"rendered":"<h2>Lippst\u00e4dter Anh\u00e4nger GmbH. Le plus grand fournisseur europ\u00e9en de syst\u00e8mes interchangeables d\u2019occasion de 1\u00e8re qualit\u00e9.<\/h2>\n<p><img loading=\"lazy\" class=\"alignright size-golden-ratio-small wp-image-75\" src=\"https:\/\/www.lippstaedteranhaenger.de\/wp-content\/uploads\/\/1klasse-wechselsysteme-aus-2hand-375x201.png\" alt=\"1. Klasse Wechselsysteme aus 2. Hand\" width=\"375\" height=\"201\" srcset=\"https:\/\/www.lippstaedteranhaenger.de\/wp-content\/uploads\/1klasse-wechselsysteme-aus-2hand-375x201.png 375w, https:\/\/www.lippstaedteranhaenger.de\/wp-content\/uploads\/1klasse-wechselsysteme-aus-2hand-320x172.png 320w, https:\/\/www.lippstaedteranhaenger.de\/wp-content\/uploads\/1klasse-wechselsysteme-aus-2hand.png 436w\" sizes=\"(max-width: 375px) 100vw, 375px\" \/><\/p>\n<p>Les activit\u00e9s portent principalement sur <strong>la commercialisation, la remise en \u00e9tat et l\u2019am\u00e9lioration de syst\u00e8mes de caisses mobiles<\/strong> BDF et de remorques appropri\u00e9es que nous offrons partout en Allemagne \/ Europe. Il s\u2019agit principalement, en l\u2019occurrence, de syst\u00e8mes interchangeables techniquement remani\u00e9s, repeints et au fonctionnement homologu\u00e9 (Dekra).<\/p>\n<p>L\u2019entreprise existe depuis 1899 et commen\u00e7a par fabriquer des voitures \u00e0 cheval et des cal\u00e8ches pour tous les domaines sous le nom de Fahrzeugbau Th. Beumer avant de continuer avec des remorques et des syst\u00e8mes de caisses de tous types.<\/p>\n<p>Aujourd\u2019hui, nous sommes une entreprise aux activit\u00e9s internationales dont la r\u00e9putation d\u00e9passe largement les limites de ce domaine d\u2019activit\u00e9s dans le cadre des syst\u00e8mes interchangeables DBF.<\/p>\n<div class='box sprechblase '>\n<h2 style=\"text-align: center;\">Philosophie<\/h2>\n<p class=\"hallo-welt\">\u203a\u203a Conform\u00e9ment \u00e0 la devise selon laquelle \u201ele client est roi\u201c, le client et la satisfaction optimale de ses d\u00e9sirs constituent notre premi\u00e8re pr\u00e9occupation depuis plus de 100 ans. Des relations empreintes de coop\u00e9ration incarnent et demeurent la philosophie des Ets. Lippst\u00e4dter Anh\u00e4nger GmbH. \u2039\u2039<\/p>\n<p style=\"text-align: center;\">Dietmar Beumer &#8211; G\u00e9rant associ\u00e9<\/p>\n<\/div>\n","protected":false},"excerpt":{"rendered":"<p>Lippst\u00e4dter Anh\u00e4nger GmbH. Le plus grand fournisseur europ\u00e9en de syst\u00e8mes interchangeables d\u2019occasion de 1\u00e8re qualit\u00e9. Les activit\u00e9s portent principalement sur la commercialisation, la remise en \u00e9tat et l\u2019am\u00e9lioration de syst\u00e8mes de caisses mobiles BDF et de remorques appropri\u00e9es que nous offrons partout en Allemagne \/ Europe. Il s\u2019agit principalement, en l\u2019occurrence, de syst\u00e8mes interchangeables techniquement [&hellip;]<\/p>\n","protected":false},"author":1,"featured_media":0,"parent":0,"menu_order":40,"comment_status":"open","ping_status":"open","template":"","meta":[],"yoast_head":"<!-- This site is optimized with the Yoast SEO plugin v17.0 - https:\/\/yoast.com\/wordpress\/plugins\/seo\/ -->\n<title>L\u2018entreprise - Lippst\u00e4dter Anh\u00e4nger<\/title>\n<meta name=\"robots\" content=\"index, follow, max-snippet:-1, max-image-preview:large, max-video-preview:-1\" \/>\n<link rel=\"canonical\" href=\"https:\/\/www.lippstaedteranhaenger.de\/fr\/lentreprise\/\" \/>\n<meta property=\"og:locale\" content=\"fr_FR\" \/>\n<meta property=\"og:type\" content=\"article\" \/>\n<meta property=\"og:title\" content=\"L\u2018entreprise - Lippst\u00e4dter Anh\u00e4nger\" \/>\n<meta property=\"og:description\" content=\"Lippst\u00e4dter Anh\u00e4nger GmbH. Le plus grand fournisseur europ\u00e9en de syst\u00e8mes interchangeables d\u2019occasion de 1\u00e8re qualit\u00e9. Les activit\u00e9s portent principalement sur la commercialisation, la remise en \u00e9tat et l\u2019am\u00e9lioration de syst\u00e8mes de caisses mobiles BDF et de remorques appropri\u00e9es que nous offrons partout en Allemagne \/ Europe. Il s\u2019agit principalement, en l\u2019occurrence, de syst\u00e8mes interchangeables techniquement [&hellip;]\" \/>\n<meta property=\"og:url\" content=\"https:\/\/www.lippstaedteranhaenger.de\/fr\/lentreprise\/\" \/>\n<meta property=\"og:site_name\" content=\"Lippst\u00e4dter Anh\u00e4nger\" \/>\n<meta property=\"article:publisher\" content=\"https:\/\/www.facebook.com\/lippstaedteranhaenger.de\" \/>\n<meta property=\"article:modified_time\" content=\"2016-08-25T09:56:37+00:00\" \/>\n<meta property=\"og:image\" content=\"https:\/\/www.lippstaedteranhaenger.de\/wp-content\/uploads\/1klasse-wechselsysteme-aus-2hand-375x201.png\" \/>\n<meta name=\"twitter:label1\" content=\"Est. reading time\" \/>\n\t<meta name=\"twitter:data1\" content=\"1 minute\" \/>\n<script type=\"application\/ld+json\" class=\"yoast-schema-graph\">{\"@context\":\"https:\/\/schema.org\",\"@graph\":[{\"@type\":\"WebSite\",\"@id\":\"https:\/\/www.lippstaedteranhaenger.de\/#website\",\"url\":\"https:\/\/www.lippstaedteranhaenger.de\/\",\"name\":\"Lippst\\u00e4dter Anh\\u00e4nger\",\"description\":\"\",\"potentialAction\":[{\"@type\":\"SearchAction\",\"target\":{\"@type\":\"EntryPoint\",\"urlTemplate\":\"https:\/\/www.lippstaedteranhaenger.de\/?s={search_term_string}\"},\"query-input\":\"required name=search_term_string\"}],\"inLanguage\":\"fr-FR\"},{\"@type\":\"ImageObject\",\"@id\":\"https:\/\/www.lippstaedteranhaenger.de\/fr\/lentreprise\/#primaryimage\",\"inLanguage\":\"fr-FR\",\"url\":\"https:\/\/www.lippstaedteranhaenger.de\/wp-content\/uploads\/\/1klasse-wechselsysteme-aus-2hand-375x201.png\",\"contentUrl\":\"https:\/\/www.lippstaedteranhaenger.de\/wp-content\/uploads\/\/1klasse-wechselsysteme-aus-2hand-375x201.png\"},{\"@type\":\"WebPage\",\"@id\":\"https:\/\/www.lippstaedteranhaenger.de\/fr\/lentreprise\/#webpage\",\"url\":\"https:\/\/www.lippstaedteranhaenger.de\/fr\/lentreprise\/\",\"name\":\"L\\u2018entreprise - Lippst\\u00e4dter Anh\\u00e4nger\",\"isPartOf\":{\"@id\":\"https:\/\/www.lippstaedteranhaenger.de\/#website\"},\"primaryImageOfPage\":{\"@id\":\"https:\/\/www.lippstaedteranhaenger.de\/fr\/lentreprise\/#primaryimage\"},\"datePublished\":\"2016-02-15T13:03:37+00:00\",\"dateModified\":\"2016-08-25T09:56:37+00:00\",\"breadcrumb\":{\"@id\":\"https:\/\/www.lippstaedteranhaenger.de\/fr\/lentreprise\/#breadcrumb\"},\"inLanguage\":\"fr-FR\",\"potentialAction\":[{\"@type\":\"ReadAction\",\"target\":[\"https:\/\/www.lippstaedteranhaenger.de\/fr\/lentreprise\/\"]}]},{\"@type\":\"BreadcrumbList\",\"@id\":\"https:\/\/www.lippstaedteranhaenger.de\/fr\/lentreprise\/#breadcrumb\",\"itemListElement\":[{\"@type\":\"ListItem\",\"position\":1,\"name\":\"Startseite\",\"item\":\"https:\/\/www.lippstaedteranhaenger.de\/fr\/\"},{\"@type\":\"ListItem\",\"position\":2,\"name\":\"L\\u2018entreprise\"}]}]}<\/script>\n<!-- \/ Yoast SEO plugin. -->","yoast_head_json":{"title":"L\u2018entreprise - Lippst\u00e4dter Anh\u00e4nger","robots":{"index":"index","follow":"follow","max-snippet":"max-snippet:-1","max-image-preview":"max-image-preview:large","max-video-preview":"max-video-preview:-1"},"canonical":"https:\/\/www.lippstaedteranhaenger.de\/fr\/lentreprise\/","og_locale":"fr_FR","og_type":"article","og_title":"L\u2018entreprise - Lippst\u00e4dter Anh\u00e4nger","og_description":"Lippst\u00e4dter Anh\u00e4nger GmbH. Le plus grand fournisseur europ\u00e9en de syst\u00e8mes interchangeables d\u2019occasion de 1\u00e8re qualit\u00e9. Les activit\u00e9s portent principalement sur la commercialisation, la remise en \u00e9tat et l\u2019am\u00e9lioration de syst\u00e8mes de caisses mobiles BDF et de remorques appropri\u00e9es que nous offrons partout en Allemagne \/ Europe. Il s\u2019agit principalement, en l\u2019occurrence, de syst\u00e8mes interchangeables techniquement [&hellip;]","og_url":"https:\/\/www.lippstaedteranhaenger.de\/fr\/lentreprise\/","og_site_name":"Lippst\u00e4dter Anh\u00e4nger","article_publisher":"https:\/\/www.facebook.com\/lippstaedteranhaenger.de","article_modified_time":"2016-08-25T09:56:37+00:00","og_image":[{"url":"https:\/\/www.lippstaedteranhaenger.de\/wp-content\/uploads\/1klasse-wechselsysteme-aus-2hand-375x201.png"}],"twitter_misc":{"Est. reading time":"1 minute"},"schema":{"@context":"https:\/\/schema.org","@graph":[{"@type":"WebSite","@id":"https:\/\/www.lippstaedteranhaenger.de\/#website","url":"https:\/\/www.lippstaedteranhaenger.de\/","name":"Lippst\u00e4dter Anh\u00e4nger","description":"","potentialAction":[{"@type":"SearchAction","target":{"@type":"EntryPoint","urlTemplate":"https:\/\/www.lippstaedteranhaenger.de\/?s={search_term_string}"},"query-input":"required name=search_term_string"}],"inLanguage":"fr-FR"},{"@type":"ImageObject","@id":"https:\/\/www.lippstaedteranhaenger.de\/fr\/lentreprise\/#primaryimage","inLanguage":"fr-FR","url":"https:\/\/www.lippstaedteranhaenger.de\/wp-content\/uploads\/\/1klasse-wechselsysteme-aus-2hand-375x201.png","contentUrl":"https:\/\/www.lippstaedteranhaenger.de\/wp-content\/uploads\/\/1klasse-wechselsysteme-aus-2hand-375x201.png"},{"@type":"WebPage","@id":"https:\/\/www.lippstaedteranhaenger.de\/fr\/lentreprise\/#webpage","url":"https:\/\/www.lippstaedteranhaenger.de\/fr\/lentreprise\/","name":"L\u2018entreprise - Lippst\u00e4dter Anh\u00e4nger","isPartOf":{"@id":"https:\/\/www.lippstaedteranhaenger.de\/#website"},"primaryImageOfPage":{"@id":"https:\/\/www.lippstaedteranhaenger.de\/fr\/lentreprise\/#primaryimage"},"datePublished":"2016-02-15T13:03:37+00:00","dateModified":"2016-08-25T09:56:37+00:00","breadcrumb":{"@id":"https:\/\/www.lippstaedteranhaenger.de\/fr\/lentreprise\/#breadcrumb"},"inLanguage":"fr-FR","potentialAction":[{"@type":"ReadAction","target":["https:\/\/www.lippstaedteranhaenger.de\/fr\/lentreprise\/"]}]},{"@type":"BreadcrumbList","@id":"https:\/\/www.lippstaedteranhaenger.de\/fr\/lentreprise\/#breadcrumb","itemListElement":[{"@type":"ListItem","position":1,"name":"Startseite","item":"https:\/\/www.lippstaedteranhaenger.de\/fr\/"},{"@type":"ListItem","position":2,"name":"L\u2018entreprise"}]}]}},"_links":{"self":[{"href":"https:\/\/www.lippstaedteranhaenger.de\/fr\/wp-json\/wp\/v2\/pages\/31219"}],"collection":[{"href":"https:\/\/www.lippstaedteranhaenger.de\/fr\/wp-json\/wp\/v2\/pages"}],"about":[{"href":"https:\/\/www.lippstaedteranhaenger.de\/fr\/wp-json\/wp\/v2\/types\/page"}],"author":[{"embeddable":true,"href":"https:\/\/www.lippstaedteranhaenger.de\/fr\/wp-json\/wp\/v2\/users\/1"}],"replies":[{"embeddable":true,"href":"https:\/\/www.lippstaedteranhaenger.de\/fr\/wp-json\/wp\/v2\/comments?post=31219"}],"version-history":[{"count":6,"href":"https:\/\/www.lippstaedteranhaenger.de\/fr\/wp-json\/wp\/v2\/pages\/31219\/revisions"}],"predecessor-version":[{"id":32158,"href":"https:\/\/www.lippstaedteranhaenger.de\/fr\/wp-json\/wp\/v2\/pages\/31219\/revisions\/32158"}],"wp:attachment":[{"href":"https:\/\/www.lippstaedteranhaenger.de\/fr\/wp-json\/wp\/v2\/media?parent=31219"}],"curies":[{"name":"wp","href":"https:\/\/api.w.org\/{rel}","templated":true}]}}