{"id":31270,"date":"2016-02-15T14:52:37","date_gmt":"2016-02-15T13:52:37","guid":{"rendered":"https:\/\/www.lippstaedteranhaenger.de\/fr\/?page_id=31270"},"modified":"2016-02-16T12:10:16","modified_gmt":"2016-02-16T11:10:16","slug":"prestations","status":"publish","type":"page","link":"https:\/\/www.lippstaedteranhaenger.de\/fr\/prestations\/","title":{"rendered":"Prestations"},"content":{"rendered":"<p>On peut choisir en permanence parmi plus de 450 caisses interchangeables et remorques interchangeables DBF en diverses versions sur une aire d\u2019exposition de 25.000 m\u00b2. Lors de la recherche d\u2019un v\u00e9hicule, vous aurez une vue d\u2019ensemble des offres de r\u00e9servoirs de stockage interchangeables \u00e9conomiques en passant par les caisses \u00e0 plateau pour le domaine des mat\u00e9riaux de construction, les plateformes \u00e0 diff\u00e9rents syst\u00e8mes de b\u00e2ches ou les caisses ferm\u00e9es interchangeables avec divers \u00e9quipements int\u00e9rieurs en acier, en aluminium ou en contreplaqu\u00e9 et vous obtiendrez \u00e9galement des informations techniques et commerciales pr\u00e9cises. Vous trouverez aussi chez nous des caisses frigorifiques interchangeables \/ ISO avec ou sans groupe frigorifique dans une qualit\u00e9 de fonctionnement homologu\u00e9e.<\/p>\n<p><img loading=\"lazy\" class=\"alignright size-golden-ratio-big wp-image-49\" src=\"https:\/\/www.lippstaedteranhaenger.de\/wp-content\/uploads\/\/Acr1472832-605x233.jpg\" alt=\"Acr1472832\" width=\"605\" height=\"233\" srcset=\"https:\/\/www.lippstaedteranhaenger.de\/wp-content\/uploads\/Acr1472832-605x233.jpg 605w, https:\/\/www.lippstaedteranhaenger.de\/wp-content\/uploads\/Acr1472832-490x189.jpg 490w, https:\/\/www.lippstaedteranhaenger.de\/wp-content\/uploads\/Acr1472832-320x123.jpg 320w, https:\/\/www.lippstaedteranhaenger.de\/wp-content\/uploads\/Acr1472832-375x144.jpg 375w, https:\/\/www.lippstaedteranhaenger.de\/wp-content\/uploads\/Acr1472832.jpg 751w, https:\/\/www.lippstaedteranhaenger.de\/wp-content\/uploads\/Acr1472832-320x123@2x.jpg 640w, https:\/\/www.lippstaedteranhaenger.de\/wp-content\/uploads\/Acr1472832-375x144@2x.jpg 750w\" sizes=\"(max-width: 605px) 100vw, 605px\" \/>Vous avez la possibilit\u00e9 chez nous de perfectionner toutes les caisses interchangeables ou remorques interchangeables (aff\u00fbts) pour r\u00e9pondre \u00e0 vos imp\u00e9ratifs particuliers.<\/p>\n<p>Bien entendu, vous pouvez \u00e9galement vous procurer une remorque interchangeable neuve des fabricants les plus vari\u00e9s aupr\u00e8s de Lippst\u00e4dter Anh\u00e4nger.<\/p>\n\t<div class=\"col col-1-2\">\n    \n<div class='box grau '>\n<h2>Notre service \u00e0 votre intention : les essais de fonctionnement exclusifs de la DEKRA<\/h2>\n<p><img loading=\"lazy\" class=\"alignleft wp-image-57 size-full no-border-radius\" src=\"https:\/\/www.lippstaedteranhaenger.de\/wp-content\/uploads\/dekra.jpg\" alt=\"dekra\" width=\"253\" height=\"132\" \/>Etant donn\u00e9 qu\u2019il n\u2019y a aucune obligation de contr\u00f4le technique r\u00e9gulier pour des caisses interchangeables BDF apr\u00e8s la premi\u00e8re mise en service, nous faisons v\u00e9rifier le bon fonctionnement de toutes les caisses interchangeables perfectionn\u00e9es et remises techniquement en \u00e9tat par un expert de la DEKRA avant leur nouvelle mise en service. Au terme du contr\u00f4le, toutes les caisses interchangeables \u00e0 fonctionnement homologu\u00e9 sont dot\u00e9es du label de qualit\u00e9 de la DEKRA, repr\u00e9sent\u00e9 sur l\u2019image. Vous aurez ainsi l\u2019ultime certitude d\u2019avoir pris la bonne d\u00e9cision.<br \/>\n<\/div>\n<h2>Service de fourniture dans toute l\u2018Europe<\/h2>\n<p>Tous les syst\u00e8mes interchangeables peuvent \u00eatre achemin\u00e9s \u00e0 la demande du client jusqu\u2019au point de destination souhait\u00e9 en termes de logistique \u00e0 un prix de transport en vigueur le jour de la livraison (suppl\u00e9ment) par l\u2019interm\u00e9diaire de notre parc automobile moderne et de notre personnel sp\u00e9cialis\u00e9. Cela vous permettra d\u2019\u00e9conomiser des frais consid\u00e9rables d\u2019exploitation et de personnel. Des transporteurs dignes de confiance interviennent \u00e9galement dans ces op\u00e9rations. Bien entendu, nos clients ont \u00e9galement la possibilit\u00e9 de venir chercher la caisse interchangeable ou la remorque interchangeable nouvellement acquise avec leur camion propre. Les caisses interchangeables et les remorques sont pr\u00eates, par d\u00e9finition, dans l\u2019\u00e9tat convenu \u00e0 la date d\u2019enl\u00e8vement. Il va sans dire que proc\u00e9dons aussi pour nos clients \u00e0 toutes les formalit\u00e9s douani\u00e8res requises pour l\u2019exportation. Le conducteur de pont interchangeable inexp\u00e9riment\u00e9 peut \u00e9galement recevoir, sur demande, une br\u00e8ve initiation de la part du personnel chevronn\u00e9 de Lippst\u00e4dter Anh\u00e4nger. Voyez vous-m\u00eame notre potentiel de prestations.<\/p>\n    <\/div>\n\t<div class=\"col col-1-2 col-last-col\">\n    \n<div class='box sprechblase '>\n<h2>Nos produits d\u2019un seul coup d\u2018\u0153il<\/h2>\n<ul>\n<li><strong>Plateformes interchangeables<\/strong> \u00e0 capote \u201eHamburger\u201c aux longueurs de 7,15 m, 7,45 m et 7,82 m<\/li>\n<li><strong>Plateformes interchangeables<\/strong> \u00e0 b\u00e2che coulissante de hauteur normale et en version jumbo aux longueurs de 7,15 m, 7,45 m et 7,82 m<\/li>\n<li><strong>Plateformes interchangeables combin\u00e9es<\/strong> avec une ridelle\/b\u00e2che d\u2019un c\u00f4t\u00e9 et une b\u00e2che coulissante d\u2019une longueur de 7,45 m de l\u2019autre c\u00f4t\u00e9<\/li>\n<li><strong>Plateformes interchangeables<\/strong> comme palettes pliantes aux longueurs de 7,15 m et 7,45 m<\/li>\n<li><strong>Caisses interchangeables<\/strong> acier, \u00e0 moulures, aux longueurs de 7,15 m et 7,45 m<\/li>\n<li><strong>Caisses interchangeables<\/strong> acier, lisses, aux longueurs de 7,15 m, 7,45 m et 7,82 m<\/li>\n<li><strong>Caisses interchangeables<\/strong> contreplaqu\u00e9 (version meuble) aux longueurs de 7,15 m et 7,45 m<\/li>\n<li><strong>Caisses interchangeables<\/strong> contreplaqu\u00e9 (version service paquets \u00e0 porte coulissante) aux longueurs de 7,15 m, 7,45 m et 7,82 m<\/li>\n<li><strong>Caisses interchangeables<\/strong> isolation sandwich (pour cargaison s\u00e8che) aux longueurs de 7,15 m, 7,45 m et 7,82 m<\/li>\n<li><strong>Caisses interchangeables<\/strong> isolation sandwich (version frigorifique) aux longueurs de 7,15 m, 7,45 m et 7,82 m<\/li>\n<li><strong>Versions sp\u00e9ciales<\/strong> sur demande<\/li>\n<li><strong>Ch\u00e2ssis interchangeables<\/strong> \u00e0 deux essieux (version \u00e0 chariot de rotation) d\u2019une hauteur de passage normale et en version jumbo pour le transport des longueurs de caisses interchangeables indiqu\u00e9es ci-dessus<\/li>\n<li><strong>Ch\u00e2ssis interchangeables<\/strong> \u00e0 deux essieux (version tandem) d\u2019une hauteur de passage normale et en version jumbo pour le transport des longueurs de caisses interchangeables indiqu\u00e9es ci-dessus<\/li>\n<li><strong>V\u00e9hicules \u00e0 diff\u00e9rentes hauteurs de levage<\/strong> sur demande<\/li>\n<\/ul>\n<p>Tous les ch\u00e2ssis interchangeables sont remis techniquement en \u00e9tat, ils sont soumis au nouveau contr\u00f4le HU \/ SP et repeints pour la plupart. Ils sont livrables d\u00e9part entrep\u00f4t et pr\u00eats \u00e0 la mise en service.<\/p>\n<\/div>\n<p>&nbsp;<\/p>\n    <\/div><div class=\"clearfix\"><\/div>\n","protected":false},"excerpt":{"rendered":"<p>On peut choisir en permanence parmi plus de 450 caisses interchangeables et remorques interchangeables DBF en diverses versions sur une aire d\u2019exposition de 25.000 m\u00b2. Lors de la recherche d\u2019un v\u00e9hicule, vous aurez une vue d\u2019ensemble des offres de r\u00e9servoirs de stockage interchangeables \u00e9conomiques en passant par les caisses \u00e0 plateau pour le domaine des [&hellip;]<\/p>\n","protected":false},"author":1,"featured_media":0,"parent":0,"menu_order":60,"comment_status":"open","ping_status":"open","template":"","meta":[],"yoast_head":"<!-- This site is optimized with the Yoast SEO plugin v17.0 - https:\/\/yoast.com\/wordpress\/plugins\/seo\/ -->\n<title>Prestations - Lippst\u00e4dter Anh\u00e4nger<\/title>\n<meta name=\"robots\" content=\"index, follow, max-snippet:-1, max-image-preview:large, max-video-preview:-1\" \/>\n<link rel=\"canonical\" href=\"https:\/\/www.lippstaedteranhaenger.de\/fr\/prestations\/\" \/>\n<meta property=\"og:locale\" content=\"fr_FR\" \/>\n<meta property=\"og:type\" content=\"article\" \/>\n<meta property=\"og:title\" content=\"Prestations - Lippst\u00e4dter Anh\u00e4nger\" \/>\n<meta property=\"og:description\" content=\"On peut choisir en permanence parmi plus de 450 caisses interchangeables et remorques interchangeables DBF en diverses versions sur une aire d\u2019exposition de 25.000 m\u00b2. Lors de la recherche d\u2019un v\u00e9hicule, vous aurez une vue d\u2019ensemble des offres de r\u00e9servoirs de stockage interchangeables \u00e9conomiques en passant par les caisses \u00e0 plateau pour le domaine des [&hellip;]\" \/>\n<meta property=\"og:url\" content=\"https:\/\/www.lippstaedteranhaenger.de\/fr\/prestations\/\" \/>\n<meta property=\"og:site_name\" content=\"Lippst\u00e4dter Anh\u00e4nger\" \/>\n<meta property=\"article:publisher\" content=\"https:\/\/www.facebook.com\/lippstaedteranhaenger.de\" \/>\n<meta property=\"article:modified_time\" content=\"2016-02-16T11:10:16+00:00\" \/>\n<meta property=\"og:image\" content=\"https:\/\/www.lippstaedteranhaenger.de\/wp-content\/uploads\/Acr1472832-605x233.jpg\" \/>\n<meta name=\"twitter:label1\" content=\"Est. reading time\" \/>\n\t<meta name=\"twitter:data1\" content=\"4 minutes\" \/>\n<script type=\"application\/ld+json\" class=\"yoast-schema-graph\">{\"@context\":\"https:\/\/schema.org\",\"@graph\":[{\"@type\":\"WebSite\",\"@id\":\"https:\/\/www.lippstaedteranhaenger.de\/#website\",\"url\":\"https:\/\/www.lippstaedteranhaenger.de\/\",\"name\":\"Lippst\\u00e4dter Anh\\u00e4nger\",\"description\":\"\",\"potentialAction\":[{\"@type\":\"SearchAction\",\"target\":{\"@type\":\"EntryPoint\",\"urlTemplate\":\"https:\/\/www.lippstaedteranhaenger.de\/?s={search_term_string}\"},\"query-input\":\"required name=search_term_string\"}],\"inLanguage\":\"fr-FR\"},{\"@type\":\"ImageObject\",\"@id\":\"https:\/\/www.lippstaedteranhaenger.de\/fr\/prestations\/#primaryimage\",\"inLanguage\":\"fr-FR\",\"url\":\"https:\/\/www.lippstaedteranhaenger.de\/wp-content\/uploads\/\/Acr1472832-605x233.jpg\",\"contentUrl\":\"https:\/\/www.lippstaedteranhaenger.de\/wp-content\/uploads\/\/Acr1472832-605x233.jpg\"},{\"@type\":\"WebPage\",\"@id\":\"https:\/\/www.lippstaedteranhaenger.de\/fr\/prestations\/#webpage\",\"url\":\"https:\/\/www.lippstaedteranhaenger.de\/fr\/prestations\/\",\"name\":\"Prestations - Lippst\\u00e4dter Anh\\u00e4nger\",\"isPartOf\":{\"@id\":\"https:\/\/www.lippstaedteranhaenger.de\/#website\"},\"primaryImageOfPage\":{\"@id\":\"https:\/\/www.lippstaedteranhaenger.de\/fr\/prestations\/#primaryimage\"},\"datePublished\":\"2016-02-15T13:52:37+00:00\",\"dateModified\":\"2016-02-16T11:10:16+00:00\",\"breadcrumb\":{\"@id\":\"https:\/\/www.lippstaedteranhaenger.de\/fr\/prestations\/#breadcrumb\"},\"inLanguage\":\"fr-FR\",\"potentialAction\":[{\"@type\":\"ReadAction\",\"target\":[\"https:\/\/www.lippstaedteranhaenger.de\/fr\/prestations\/\"]}]},{\"@type\":\"BreadcrumbList\",\"@id\":\"https:\/\/www.lippstaedteranhaenger.de\/fr\/prestations\/#breadcrumb\",\"itemListElement\":[{\"@type\":\"ListItem\",\"position\":1,\"name\":\"Startseite\",\"item\":\"https:\/\/www.lippstaedteranhaenger.de\/fr\/\"},{\"@type\":\"ListItem\",\"position\":2,\"name\":\"Prestations\"}]}]}<\/script>\n<!-- \/ Yoast SEO plugin. -->","yoast_head_json":{"title":"Prestations - Lippst\u00e4dter Anh\u00e4nger","robots":{"index":"index","follow":"follow","max-snippet":"max-snippet:-1","max-image-preview":"max-image-preview:large","max-video-preview":"max-video-preview:-1"},"canonical":"https:\/\/www.lippstaedteranhaenger.de\/fr\/prestations\/","og_locale":"fr_FR","og_type":"article","og_title":"Prestations - Lippst\u00e4dter Anh\u00e4nger","og_description":"On peut choisir en permanence parmi plus de 450 caisses interchangeables et remorques interchangeables DBF en diverses versions sur une aire d\u2019exposition de 25.000 m\u00b2. Lors de la recherche d\u2019un v\u00e9hicule, vous aurez une vue d\u2019ensemble des offres de r\u00e9servoirs de stockage interchangeables \u00e9conomiques en passant par les caisses \u00e0 plateau pour le domaine des [&hellip;]","og_url":"https:\/\/www.lippstaedteranhaenger.de\/fr\/prestations\/","og_site_name":"Lippst\u00e4dter Anh\u00e4nger","article_publisher":"https:\/\/www.facebook.com\/lippstaedteranhaenger.de","article_modified_time":"2016-02-16T11:10:16+00:00","og_image":[{"url":"https:\/\/www.lippstaedteranhaenger.de\/wp-content\/uploads\/Acr1472832-605x233.jpg"}],"twitter_misc":{"Est. reading time":"4 minutes"},"schema":{"@context":"https:\/\/schema.org","@graph":[{"@type":"WebSite","@id":"https:\/\/www.lippstaedteranhaenger.de\/#website","url":"https:\/\/www.lippstaedteranhaenger.de\/","name":"Lippst\u00e4dter Anh\u00e4nger","description":"","potentialAction":[{"@type":"SearchAction","target":{"@type":"EntryPoint","urlTemplate":"https:\/\/www.lippstaedteranhaenger.de\/?s={search_term_string}"},"query-input":"required name=search_term_string"}],"inLanguage":"fr-FR"},{"@type":"ImageObject","@id":"https:\/\/www.lippstaedteranhaenger.de\/fr\/prestations\/#primaryimage","inLanguage":"fr-FR","url":"https:\/\/www.lippstaedteranhaenger.de\/wp-content\/uploads\/\/Acr1472832-605x233.jpg","contentUrl":"https:\/\/www.lippstaedteranhaenger.de\/wp-content\/uploads\/\/Acr1472832-605x233.jpg"},{"@type":"WebPage","@id":"https:\/\/www.lippstaedteranhaenger.de\/fr\/prestations\/#webpage","url":"https:\/\/www.lippstaedteranhaenger.de\/fr\/prestations\/","name":"Prestations - Lippst\u00e4dter Anh\u00e4nger","isPartOf":{"@id":"https:\/\/www.lippstaedteranhaenger.de\/#website"},"primaryImageOfPage":{"@id":"https:\/\/www.lippstaedteranhaenger.de\/fr\/prestations\/#primaryimage"},"datePublished":"2016-02-15T13:52:37+00:00","dateModified":"2016-02-16T11:10:16+00:00","breadcrumb":{"@id":"https:\/\/www.lippstaedteranhaenger.de\/fr\/prestations\/#breadcrumb"},"inLanguage":"fr-FR","potentialAction":[{"@type":"ReadAction","target":["https:\/\/www.lippstaedteranhaenger.de\/fr\/prestations\/"]}]},{"@type":"BreadcrumbList","@id":"https:\/\/www.lippstaedteranhaenger.de\/fr\/prestations\/#breadcrumb","itemListElement":[{"@type":"ListItem","position":1,"name":"Startseite","item":"https:\/\/www.lippstaedteranhaenger.de\/fr\/"},{"@type":"ListItem","position":2,"name":"Prestations"}]}]}},"_links":{"self":[{"href":"https:\/\/www.lippstaedteranhaenger.de\/fr\/wp-json\/wp\/v2\/pages\/31270"}],"collection":[{"href":"https:\/\/www.lippstaedteranhaenger.de\/fr\/wp-json\/wp\/v2\/pages"}],"about":[{"href":"https:\/\/www.lippstaedteranhaenger.de\/fr\/wp-json\/wp\/v2\/types\/page"}],"author":[{"embeddable":true,"href":"https:\/\/www.lippstaedteranhaenger.de\/fr\/wp-json\/wp\/v2\/users\/1"}],"replies":[{"embeddable":true,"href":"https:\/\/www.lippstaedteranhaenger.de\/fr\/wp-json\/wp\/v2\/comments?post=31270"}],"version-history":[{"count":3,"href":"https:\/\/www.lippstaedteranhaenger.de\/fr\/wp-json\/wp\/v2\/pages\/31270\/revisions"}],"predecessor-version":[{"id":31351,"href":"https:\/\/www.lippstaedteranhaenger.de\/fr\/wp-json\/wp\/v2\/pages\/31270\/revisions\/31351"}],"wp:attachment":[{"href":"https:\/\/www.lippstaedteranhaenger.de\/fr\/wp-json\/wp\/v2\/media?parent=31270"}],"curies":[{"name":"wp","href":"https:\/\/api.w.org\/{rel}","templated":true}]}}