{"id":31228,"date":"2016-02-15T14:12:17","date_gmt":"2016-02-15T13:12:17","guid":{"rendered":"https:\/\/www.lippstaedteranhaenger.de\/pl\/?page_id=31228"},"modified":"2016-03-03T13:34:08","modified_gmt":"2016-03-03T12:34:08","slug":"przedsibiorstwo","status":"publish","type":"page","link":"https:\/\/www.lippstaedteranhaenger.de\/pl\/przedsibiorstwo\/","title":{"rendered":"Przedsi\u0119biorstwo"},"content":{"rendered":"<h2>Firma Lippst\u00e4dter Anh\u00e4nger GmbH, najwi\u0119kszy w Europie oferent system\u00f3w wymiennych PIERWSZEJ KLASY z DRUGIEJ R\u0118KI<\/h2>\n<p><img loading=\"lazy\" class=\"alignright size-golden-ratio-small wp-image-78\" src=\"https:\/\/www.lippstaedteranhaenger.de\/wp-content\/uploads\/\/1klasse-wechselsysteme-aus-2hand-375x201.png\" alt=\"1. Klasse Wechselsysteme aus 2. Hand\" width=\"375\" height=\"201\" srcset=\"https:\/\/www.lippstaedteranhaenger.de\/wp-content\/uploads\/1klasse-wechselsysteme-aus-2hand-375x201.png 375w, https:\/\/www.lippstaedteranhaenger.de\/wp-content\/uploads\/1klasse-wechselsysteme-aus-2hand-320x172.png 320w, https:\/\/www.lippstaedteranhaenger.de\/wp-content\/uploads\/1klasse-wechselsysteme-aus-2hand.png 436w\" sizes=\"(max-width: 375px) 100vw, 375px\" \/><\/p>\n<p>G\u0142\u00f3wny zakres dzia\u0142alno\u015bci firmy <strong>to handel, naprawa i uszlachetnianie system\u00f3w zabud\u00f3w wymiennych<\/strong> BDF i odpowiednich przyczep, kt\u00f3re oferujemy na terenie ca\u0142ych Niemiec i w Europie. S\u0105 to przewa\u017cnie zmodyfikowane techniczne, polakierowane na nowo i sprawdzone pod k\u0105tem dzia\u0142ania (Dekra) systemy wymienne.<\/p>\n<p>Firma istnieje od roku 1899 i pod nazw\u0105 Fahrzeugbau Th. Beumer produkowa\u0142a najpierw powozy konne do wszelkich zastosowa\u0144, a p\u00f3\u017aniej wszelkiego rodzaju przyczepy i zabudowy.<\/p>\n<p>Dzi\u015b jeste\u015bmy przedsi\u0119biorstwem dzia\u0142aj\u0105cym na rynku mi\u0119dzynarodowym, kt\u00f3rego renoma zwi\u0105zana z systemami wymiennymi BDF si\u0119ga w tej bran\u017cy daleko poza granice Niemiec.<\/p>\n<div class='box sprechblase '>\n<h2 style=\"text-align: center;\">Filozofia<\/h2>\n<p class=\"hallo-welt\">\u203a\u203a Zgodnie z mottem \u201eklient nasz pan\u201d ju\u017c od ponad 100 lat na pierwszym miejscu stoi u nas klient i optymalne spe\u0142nienie jego wymog\u00f3w. Filozofi\u0105 przedsi\u0119biorstwa Lippst\u00e4dter Anh\u00e4nger GmbH jest i b\u0119dzie kooperacja. \u2039\u2039<\/p>\n<p style=\"text-align: center;\">Dietmar Beumer &#8211; Gesch\u00e4ftsf\u00fchrender Gesellschafter<\/p>\n<\/div>\n","protected":false},"excerpt":{"rendered":"<p>Firma Lippst\u00e4dter Anh\u00e4nger GmbH, najwi\u0119kszy w Europie oferent system\u00f3w wymiennych PIERWSZEJ KLASY z DRUGIEJ R\u0118KI G\u0142\u00f3wny zakres dzia\u0142alno\u015bci firmy to handel, naprawa i uszlachetnianie system\u00f3w zabud\u00f3w wymiennych BDF i odpowiednich przyczep, kt\u00f3re oferujemy na terenie ca\u0142ych Niemiec i w Europie. S\u0105 to przewa\u017cnie zmodyfikowane techniczne, polakierowane na nowo i sprawdzone pod k\u0105tem dzia\u0142ania (Dekra) systemy [&hellip;]<\/p>\n","protected":false},"author":1,"featured_media":0,"parent":0,"menu_order":40,"comment_status":"open","ping_status":"open","template":"","meta":[],"yoast_head":"<!-- This site is optimized with the Yoast SEO plugin v17.0 - https:\/\/yoast.com\/wordpress\/plugins\/seo\/ -->\n<title>Przedsi\u0119biorstwo - Lippst\u00e4dter Anh\u00e4nger<\/title>\n<meta name=\"robots\" content=\"index, follow, max-snippet:-1, max-image-preview:large, max-video-preview:-1\" \/>\n<link rel=\"canonical\" href=\"https:\/\/www.lippstaedteranhaenger.de\/pl\/przedsibiorstwo\/\" \/>\n<meta property=\"og:locale\" content=\"pl_PL\" \/>\n<meta property=\"og:type\" content=\"article\" \/>\n<meta property=\"og:title\" content=\"Przedsi\u0119biorstwo - Lippst\u00e4dter Anh\u00e4nger\" \/>\n<meta property=\"og:description\" content=\"Firma Lippst\u00e4dter Anh\u00e4nger GmbH, najwi\u0119kszy w Europie oferent system\u00f3w wymiennych PIERWSZEJ KLASY z DRUGIEJ R\u0118KI G\u0142\u00f3wny zakres dzia\u0142alno\u015bci firmy to handel, naprawa i uszlachetnianie system\u00f3w zabud\u00f3w wymiennych BDF i odpowiednich przyczep, kt\u00f3re oferujemy na terenie ca\u0142ych Niemiec i w Europie. S\u0105 to przewa\u017cnie zmodyfikowane techniczne, polakierowane na nowo i sprawdzone pod k\u0105tem dzia\u0142ania (Dekra) systemy [&hellip;]\" \/>\n<meta property=\"og:url\" content=\"https:\/\/www.lippstaedteranhaenger.de\/pl\/przedsibiorstwo\/\" \/>\n<meta property=\"og:site_name\" content=\"Lippst\u00e4dter Anh\u00e4nger\" \/>\n<meta property=\"article:publisher\" content=\"https:\/\/www.facebook.com\/lippstaedteranhaenger.de\" \/>\n<meta property=\"article:modified_time\" content=\"2016-03-03T12:34:08+00:00\" \/>\n<meta property=\"og:image\" content=\"https:\/\/www.lippstaedteranhaenger.de\/wp-content\/uploads\/1klasse-wechselsysteme-aus-2hand-375x201.png\" \/>\n<meta name=\"twitter:label1\" content=\"Est. reading time\" \/>\n\t<meta name=\"twitter:data1\" content=\"1 minute\" \/>\n<script type=\"application\/ld+json\" class=\"yoast-schema-graph\">{\"@context\":\"https:\/\/schema.org\",\"@graph\":[{\"@type\":\"WebSite\",\"@id\":\"https:\/\/www.lippstaedteranhaenger.de\/#website\",\"url\":\"https:\/\/www.lippstaedteranhaenger.de\/\",\"name\":\"Lippst\\u00e4dter Anh\\u00e4nger\",\"description\":\"\",\"potentialAction\":[{\"@type\":\"SearchAction\",\"target\":{\"@type\":\"EntryPoint\",\"urlTemplate\":\"https:\/\/www.lippstaedteranhaenger.de\/?s={search_term_string}\"},\"query-input\":\"required name=search_term_string\"}],\"inLanguage\":\"pl-PL\"},{\"@type\":\"ImageObject\",\"@id\":\"https:\/\/www.lippstaedteranhaenger.de\/pl\/przedsibiorstwo\/#primaryimage\",\"inLanguage\":\"pl-PL\",\"url\":\"https:\/\/www.lippstaedteranhaenger.de\/wp-content\/uploads\/\/1klasse-wechselsysteme-aus-2hand-375x201.png\",\"contentUrl\":\"https:\/\/www.lippstaedteranhaenger.de\/wp-content\/uploads\/\/1klasse-wechselsysteme-aus-2hand-375x201.png\"},{\"@type\":\"WebPage\",\"@id\":\"https:\/\/www.lippstaedteranhaenger.de\/pl\/przedsibiorstwo\/#webpage\",\"url\":\"https:\/\/www.lippstaedteranhaenger.de\/pl\/przedsibiorstwo\/\",\"name\":\"Przedsi\\u0119biorstwo - Lippst\\u00e4dter Anh\\u00e4nger\",\"isPartOf\":{\"@id\":\"https:\/\/www.lippstaedteranhaenger.de\/#website\"},\"primaryImageOfPage\":{\"@id\":\"https:\/\/www.lippstaedteranhaenger.de\/pl\/przedsibiorstwo\/#primaryimage\"},\"datePublished\":\"2016-02-15T13:12:17+00:00\",\"dateModified\":\"2016-03-03T12:34:08+00:00\",\"breadcrumb\":{\"@id\":\"https:\/\/www.lippstaedteranhaenger.de\/pl\/przedsibiorstwo\/#breadcrumb\"},\"inLanguage\":\"pl-PL\",\"potentialAction\":[{\"@type\":\"ReadAction\",\"target\":[\"https:\/\/www.lippstaedteranhaenger.de\/pl\/przedsibiorstwo\/\"]}]},{\"@type\":\"BreadcrumbList\",\"@id\":\"https:\/\/www.lippstaedteranhaenger.de\/pl\/przedsibiorstwo\/#breadcrumb\",\"itemListElement\":[{\"@type\":\"ListItem\",\"position\":1,\"name\":\"Startseite\",\"item\":\"https:\/\/www.lippstaedteranhaenger.de\/pl\/\"},{\"@type\":\"ListItem\",\"position\":2,\"name\":\"Przedsi\\u0119biorstwo\"}]}]}<\/script>\n<!-- \/ Yoast SEO plugin. -->","yoast_head_json":{"title":"Przedsi\u0119biorstwo - Lippst\u00e4dter Anh\u00e4nger","robots":{"index":"index","follow":"follow","max-snippet":"max-snippet:-1","max-image-preview":"max-image-preview:large","max-video-preview":"max-video-preview:-1"},"canonical":"https:\/\/www.lippstaedteranhaenger.de\/pl\/przedsibiorstwo\/","og_locale":"pl_PL","og_type":"article","og_title":"Przedsi\u0119biorstwo - Lippst\u00e4dter Anh\u00e4nger","og_description":"Firma Lippst\u00e4dter Anh\u00e4nger GmbH, najwi\u0119kszy w Europie oferent system\u00f3w wymiennych PIERWSZEJ KLASY z DRUGIEJ R\u0118KI G\u0142\u00f3wny zakres dzia\u0142alno\u015bci firmy to handel, naprawa i uszlachetnianie system\u00f3w zabud\u00f3w wymiennych BDF i odpowiednich przyczep, kt\u00f3re oferujemy na terenie ca\u0142ych Niemiec i w Europie. S\u0105 to przewa\u017cnie zmodyfikowane techniczne, polakierowane na nowo i sprawdzone pod k\u0105tem dzia\u0142ania (Dekra) systemy [&hellip;]","og_url":"https:\/\/www.lippstaedteranhaenger.de\/pl\/przedsibiorstwo\/","og_site_name":"Lippst\u00e4dter Anh\u00e4nger","article_publisher":"https:\/\/www.facebook.com\/lippstaedteranhaenger.de","article_modified_time":"2016-03-03T12:34:08+00:00","og_image":[{"url":"https:\/\/www.lippstaedteranhaenger.de\/wp-content\/uploads\/1klasse-wechselsysteme-aus-2hand-375x201.png"}],"twitter_misc":{"Est. reading time":"1 minute"},"schema":{"@context":"https:\/\/schema.org","@graph":[{"@type":"WebSite","@id":"https:\/\/www.lippstaedteranhaenger.de\/#website","url":"https:\/\/www.lippstaedteranhaenger.de\/","name":"Lippst\u00e4dter Anh\u00e4nger","description":"","potentialAction":[{"@type":"SearchAction","target":{"@type":"EntryPoint","urlTemplate":"https:\/\/www.lippstaedteranhaenger.de\/?s={search_term_string}"},"query-input":"required name=search_term_string"}],"inLanguage":"pl-PL"},{"@type":"ImageObject","@id":"https:\/\/www.lippstaedteranhaenger.de\/pl\/przedsibiorstwo\/#primaryimage","inLanguage":"pl-PL","url":"https:\/\/www.lippstaedteranhaenger.de\/wp-content\/uploads\/\/1klasse-wechselsysteme-aus-2hand-375x201.png","contentUrl":"https:\/\/www.lippstaedteranhaenger.de\/wp-content\/uploads\/\/1klasse-wechselsysteme-aus-2hand-375x201.png"},{"@type":"WebPage","@id":"https:\/\/www.lippstaedteranhaenger.de\/pl\/przedsibiorstwo\/#webpage","url":"https:\/\/www.lippstaedteranhaenger.de\/pl\/przedsibiorstwo\/","name":"Przedsi\u0119biorstwo - Lippst\u00e4dter Anh\u00e4nger","isPartOf":{"@id":"https:\/\/www.lippstaedteranhaenger.de\/#website"},"primaryImageOfPage":{"@id":"https:\/\/www.lippstaedteranhaenger.de\/pl\/przedsibiorstwo\/#primaryimage"},"datePublished":"2016-02-15T13:12:17+00:00","dateModified":"2016-03-03T12:34:08+00:00","breadcrumb":{"@id":"https:\/\/www.lippstaedteranhaenger.de\/pl\/przedsibiorstwo\/#breadcrumb"},"inLanguage":"pl-PL","potentialAction":[{"@type":"ReadAction","target":["https:\/\/www.lippstaedteranhaenger.de\/pl\/przedsibiorstwo\/"]}]},{"@type":"BreadcrumbList","@id":"https:\/\/www.lippstaedteranhaenger.de\/pl\/przedsibiorstwo\/#breadcrumb","itemListElement":[{"@type":"ListItem","position":1,"name":"Startseite","item":"https:\/\/www.lippstaedteranhaenger.de\/pl\/"},{"@type":"ListItem","position":2,"name":"Przedsi\u0119biorstwo"}]}]}},"_links":{"self":[{"href":"https:\/\/www.lippstaedteranhaenger.de\/pl\/wp-json\/wp\/v2\/pages\/31228"}],"collection":[{"href":"https:\/\/www.lippstaedteranhaenger.de\/pl\/wp-json\/wp\/v2\/pages"}],"about":[{"href":"https:\/\/www.lippstaedteranhaenger.de\/pl\/wp-json\/wp\/v2\/types\/page"}],"author":[{"embeddable":true,"href":"https:\/\/www.lippstaedteranhaenger.de\/pl\/wp-json\/wp\/v2\/users\/1"}],"replies":[{"embeddable":true,"href":"https:\/\/www.lippstaedteranhaenger.de\/pl\/wp-json\/wp\/v2\/comments?post=31228"}],"version-history":[{"count":3,"href":"https:\/\/www.lippstaedteranhaenger.de\/pl\/wp-json\/wp\/v2\/pages\/31228\/revisions"}],"predecessor-version":[{"id":31398,"href":"https:\/\/www.lippstaedteranhaenger.de\/pl\/wp-json\/wp\/v2\/pages\/31228\/revisions\/31398"}],"wp:attachment":[{"href":"https:\/\/www.lippstaedteranhaenger.de\/pl\/wp-json\/wp\/v2\/media?parent=31228"}],"curies":[{"name":"wp","href":"https:\/\/api.w.org\/{rel}","templated":true}]}}