{"id":31271,"date":"2016-02-15T15:07:13","date_gmt":"2016-02-15T14:07:13","guid":{"rendered":"https:\/\/www.lippstaedteranhaenger.de\/pl\/?page_id=31271"},"modified":"2016-02-16T11:58:33","modified_gmt":"2016-02-16T10:58:33","slug":"usugi","status":"publish","type":"page","link":"https:\/\/www.lippstaedteranhaenger.de\/pl\/usugi\/","title":{"rendered":"Us\u0142ugi"},"content":{"rendered":"<p>Na 25.000 m2 powierzchni wystawowej do wyboru jest stale ponad 450 zabud\u00f3w wymiennych BDF i przyczep wymiennych w r\u00f3\u017cnych wersjach. W wyszukiwarce pojazd\u00f3w znajd\u0105 Pa\u0144stwo przegl\u0105d naszej oferty si\u0119gaj\u0105cej od tanich wymiennych kontener\u00f3w magazynowych poprzez zabudowy platformowe do materia\u0142\u00f3w budowlanych, skrzynie o r\u00f3\u017cnych systemach plandekowych czy zamkni\u0119te zabudowy wymienne o r\u00f3\u017cnym wyposa\u017ceniu wewn\u0119trznym ze stali, aluminium lub p\u0142yt warstwowych, oraz dok\u0142adne informacje techniczne i handlowe. Oferujemy r\u00f3wnie\u017c sprawdzone pod k\u0105tem dzia\u0142ania i jako\u015bci furgony wymienne ISO \/ ch\u0142odnie do produkt\u00f3w g\u0142\u0119boko mro\u017conych.<\/p>\n<p><img loading=\"lazy\" class=\"alignright size-golden-ratio-big wp-image-52\" src=\"https:\/\/www.lippstaedteranhaenger.de\/wp-content\/uploads\/\/Acr1472832-605x233.jpg\" alt=\"Acr1472832\" width=\"605\" height=\"233\" srcset=\"https:\/\/www.lippstaedteranhaenger.de\/wp-content\/uploads\/Acr1472832-605x233.jpg 605w, https:\/\/www.lippstaedteranhaenger.de\/wp-content\/uploads\/Acr1472832-490x189.jpg 490w, https:\/\/www.lippstaedteranhaenger.de\/wp-content\/uploads\/Acr1472832-320x123.jpg 320w, https:\/\/www.lippstaedteranhaenger.de\/wp-content\/uploads\/Acr1472832-375x144.jpg 375w, https:\/\/www.lippstaedteranhaenger.de\/wp-content\/uploads\/Acr1472832.jpg 751w, https:\/\/www.lippstaedteranhaenger.de\/wp-content\/uploads\/Acr1472832-320x123@2x.jpg 640w, https:\/\/www.lippstaedteranhaenger.de\/wp-content\/uploads\/Acr1472832-375x144@2x.jpg 750w\" sizes=\"(max-width: 605px) 100vw, 605px\" \/>Wszystkie zabudowy wymienne lub przyczepy wymienne mo\u017cna dostosowa\u0107 u nas do Pa\u0144stwa indywidualnych potrzeb.<\/p>\n<p>W firmie Lippst\u00e4dter Anh\u00e4nger znajd\u0105 Pa\u0144stwo oczywi\u015bcie r\u00f3wnie\u017c nowe przyczepy wymienne r\u00f3\u017cnych producent\u00f3w.<\/p>\n\t<div class=\"col col-1-2\">\n    \n<div class='box grau '>\n<h2>Nasz serwis dla Pa\u0144stwa \u2013 ekskluzywna kontrola dzia\u0142ania DEKRA<\/h2>\n<p><img loading=\"lazy\" class=\"alignleft wp-image-60 size-full no-border-radius\" src=\"https:\/\/www.lippstaedteranhaenger.de\/wp-content\/uploads\/dekra.jpg\" alt=\"dekra\" width=\"253\" height=\"132\" \/>Poniewa\u017c zabudowy wymienne BDF po pierwszym uruchomieniu nie podlegaj\u0105 obowi\u0105zkowi cyklicznych bada\u0144 technicznych, wszystkie remontowane i uszlachetniane przez nas zabudowy wymienne s\u0105 przed ponownym u\u017cyciem sprawdzane przez rzeczoznawc\u00f3w DEKRA pod k\u0105tem prawid\u0142owego dzia\u0142ania. Wszystkie sprawdzone zabudowy wymienne otrzymuj\u0105 po badaniu przedstawion\u0105 na ilustracji plakietk\u0119 DEKRA. Daje to Pa\u0144stwu ostateczn\u0105 pewno\u015b\u0107 dokonania dobrego wyboru.<br \/>\n<\/div>\n<h2>Dostawy na terenie ca\u0142ej Europy<\/h2>\n<p>Na \u017cyczenie wszystkie systemy wymienne mog\u0105 by\u0107 dostarczone przez nasz nowoczesny tabor i specjalnie wykwalifikowany personel serwisowy do wskazanego przez Pa\u0144stwa miejsca po obowi\u0105zuj\u0105cej w danym dniu stawce (dop\u0142ata). Pozwoli to unikn\u0105\u0107 niema\u0142ych koszt\u00f3w personelu i koszt\u00f3w eksploatacyjnych. Opr\u00f3cz tego mo\u017cna skorzysta\u0107 z us\u0142ug zaufanych spedytor\u00f3w. Klienci mog\u0105 oczywi\u015bcie odebra\u0107 zakupion\u0105 zabudow\u0119 wymienn\u0105 lub przyczep\u0119 zamienn\u0105 r\u00f3wnie\u017c w\u0142asnym samochodem w Lippstadt.<br \/>\nZabudowy wymienne i przyczepy s\u0105 gotowe w terminie odbioru zawsze w zam\u00f3wionym stanie. Dla naszych klient\u00f3w za\u0142atwiamy r\u00f3wnie\u017c wszelkie wymagane do eksportu formalno\u015bci celne. Kierowcy niedo\u015bwiadczeni w obs\u0142udze ramp wymiennych mog\u0105 te\u017c przej\u015b\u0107 w firmie Lippst\u00e4dter Anh\u00e4nger kr\u00f3tkie szkolenie prowadzone przez nasz do\u015bwiadczony personel. Przekonajcie si\u0119 Pa\u0144stwo sami o jako\u015bci naszych us\u0142ug.<\/p>\n    <\/div>\n\t<div class=\"col col-1-2 col-last-col\">\n    \n<div class='box sprechblase '>\n<h2>Nasze produkty<\/h2>\n<ul>\n<li><strong>Skrzynie wymienne<\/strong> z dachem hamburskim, o d\u0142ugo\u015bci 7,15 m, 7,45 m i 7,82 m<\/li>\n<li><strong>Skrzynie wymienne<\/strong> z plandek\u0105 przesuwn\u0105 o zwyk\u0142ej wysoko\u015bci i w wersji jumbo, o d\u0142ugo\u015bci 7,15 m, 7,45 m i 7,82 m<\/li>\n<li><strong>Skrzynie wymienne kombi<\/strong> po jednej stronie burta\/plandeka, po drugiej stronie plandeka przesuwna, o d\u0142ugo\u015bci 7,45 m<\/li>\n<li><strong>Skrzynie wymienne<\/strong> jako platformy, o d\u0142ugo\u015bci 7,15 m i 7,45 m<\/li>\n<li><strong>Furgony wymienne<\/strong> stalowe, profilowane, o d\u0142ugo\u015bci 7,15 m i 7,45 m<\/li>\n<li><strong>Furgony wymienne<\/strong> stalowe, g\u0142adkie, o d\u0142ugo\u015bci 7,15 m, 7,45 m i 7,82 m<\/li>\n<li><strong>Furgony wymienne<\/strong> z p\u0142yty warstwowej (wersja meblowa), o d\u0142ugo\u015bci 7,15 m i 7,45 m<\/li>\n<li><strong>Furgony wymienne<\/strong> z p\u0142yty warstwowej (wersja kurierska z bram\u0105 rolowan\u0105), o d\u0142ugo\u015bci 7,15 m, 7,45 m i 7,82 m<\/li>\n<li><strong>Furgony wymienne<\/strong> z izolacj\u0105 warstwow\u0105 (do \u0142adunk\u00f3w suchych) o d\u0142ugo\u015bci 7,15 m, 7,45 m i 7,82 m<\/li>\n<li><strong>Furgony wymienne<\/strong> z izolacj\u0105 warstwow\u0105 (do \u0142adunk\u00f3w g\u0142\u0119boko mro\u017conych) o d\u0142ugo\u015bci 7,15 m, 7,45 m i 7,82 m<\/li>\n<li><strong>Wersje specjalne<\/strong> na zam\u00f3wienie<\/li>\n<li><strong>Podwozia wymienne<\/strong> dwuosiowe (wersja z obrotnic\u0105) o zwyk\u0142ej wysoko\u015bci i w wersji jumbo do transportu ww. zabud\u00f3w wymiennych<\/li>\n<li><strong>Podwozia wymienne<\/strong> dwuosiowe (wersja tandemowa) o zwyk\u0142ej wysoko\u015bci i w wersji jumbo do transportu ww. zabud\u00f3w wymiennych<\/li>\n<li><strong>Pojazdy o r\u00f3\u017cnych skokach<\/strong> na zam\u00f3wienie<\/li>\n<\/ul>\n<p>Wszystkie podwozia wymienne s\u0105 po remoncie technicznym, z nowym badaniem HU\/SP, w wi\u0119kszo\u015bci nowo polakierowane i dostarczane z magazynu w stanie gotowym do eksploatacji.<\/p>\n<\/div>\n<p>&nbsp;<\/p>\n    <\/div><div class=\"clearfix\"><\/div>\n","protected":false},"excerpt":{"rendered":"<p>Na 25.000 m2 powierzchni wystawowej do wyboru jest stale ponad 450 zabud\u00f3w wymiennych BDF i przyczep wymiennych w r\u00f3\u017cnych wersjach. W wyszukiwarce pojazd\u00f3w znajd\u0105 Pa\u0144stwo przegl\u0105d naszej oferty si\u0119gaj\u0105cej od tanich wymiennych kontener\u00f3w magazynowych poprzez zabudowy platformowe do materia\u0142\u00f3w budowlanych, skrzynie o r\u00f3\u017cnych systemach plandekowych czy zamkni\u0119te zabudowy wymienne o r\u00f3\u017cnym wyposa\u017ceniu wewn\u0119trznym ze stali, [&hellip;]<\/p>\n","protected":false},"author":1,"featured_media":0,"parent":0,"menu_order":60,"comment_status":"open","ping_status":"open","template":"","meta":[],"yoast_head":"<!-- This site is optimized with the Yoast SEO plugin v17.0 - https:\/\/yoast.com\/wordpress\/plugins\/seo\/ -->\n<title>Us\u0142ugi - Lippst\u00e4dter Anh\u00e4nger<\/title>\n<meta name=\"robots\" content=\"index, follow, max-snippet:-1, max-image-preview:large, max-video-preview:-1\" \/>\n<link rel=\"canonical\" href=\"https:\/\/www.lippstaedteranhaenger.de\/pl\/usugi\/\" \/>\n<meta property=\"og:locale\" content=\"pl_PL\" \/>\n<meta property=\"og:type\" content=\"article\" \/>\n<meta property=\"og:title\" content=\"Us\u0142ugi - Lippst\u00e4dter Anh\u00e4nger\" \/>\n<meta property=\"og:description\" content=\"Na 25.000 m2 powierzchni wystawowej do wyboru jest stale ponad 450 zabud\u00f3w wymiennych BDF i przyczep wymiennych w r\u00f3\u017cnych wersjach. W wyszukiwarce pojazd\u00f3w znajd\u0105 Pa\u0144stwo przegl\u0105d naszej oferty si\u0119gaj\u0105cej od tanich wymiennych kontener\u00f3w magazynowych poprzez zabudowy platformowe do materia\u0142\u00f3w budowlanych, skrzynie o r\u00f3\u017cnych systemach plandekowych czy zamkni\u0119te zabudowy wymienne o r\u00f3\u017cnym wyposa\u017ceniu wewn\u0119trznym ze stali, [&hellip;]\" \/>\n<meta property=\"og:url\" content=\"https:\/\/www.lippstaedteranhaenger.de\/pl\/usugi\/\" \/>\n<meta property=\"og:site_name\" content=\"Lippst\u00e4dter Anh\u00e4nger\" \/>\n<meta property=\"article:publisher\" content=\"https:\/\/www.facebook.com\/lippstaedteranhaenger.de\" \/>\n<meta property=\"article:modified_time\" content=\"2016-02-16T10:58:33+00:00\" \/>\n<meta property=\"og:image\" content=\"https:\/\/www.lippstaedteranhaenger.de\/wp-content\/uploads\/Acr1472832-605x233.jpg\" \/>\n<meta name=\"twitter:label1\" content=\"Est. reading time\" \/>\n\t<meta name=\"twitter:data1\" content=\"3 minutes\" \/>\n<script type=\"application\/ld+json\" class=\"yoast-schema-graph\">{\"@context\":\"https:\/\/schema.org\",\"@graph\":[{\"@type\":\"WebSite\",\"@id\":\"https:\/\/www.lippstaedteranhaenger.de\/#website\",\"url\":\"https:\/\/www.lippstaedteranhaenger.de\/\",\"name\":\"Lippst\\u00e4dter Anh\\u00e4nger\",\"description\":\"\",\"potentialAction\":[{\"@type\":\"SearchAction\",\"target\":{\"@type\":\"EntryPoint\",\"urlTemplate\":\"https:\/\/www.lippstaedteranhaenger.de\/?s={search_term_string}\"},\"query-input\":\"required name=search_term_string\"}],\"inLanguage\":\"pl-PL\"},{\"@type\":\"ImageObject\",\"@id\":\"https:\/\/www.lippstaedteranhaenger.de\/pl\/usugi\/#primaryimage\",\"inLanguage\":\"pl-PL\",\"url\":\"https:\/\/www.lippstaedteranhaenger.de\/wp-content\/uploads\/\/Acr1472832-605x233.jpg\",\"contentUrl\":\"https:\/\/www.lippstaedteranhaenger.de\/wp-content\/uploads\/\/Acr1472832-605x233.jpg\"},{\"@type\":\"WebPage\",\"@id\":\"https:\/\/www.lippstaedteranhaenger.de\/pl\/usugi\/#webpage\",\"url\":\"https:\/\/www.lippstaedteranhaenger.de\/pl\/usugi\/\",\"name\":\"Us\\u0142ugi - Lippst\\u00e4dter Anh\\u00e4nger\",\"isPartOf\":{\"@id\":\"https:\/\/www.lippstaedteranhaenger.de\/#website\"},\"primaryImageOfPage\":{\"@id\":\"https:\/\/www.lippstaedteranhaenger.de\/pl\/usugi\/#primaryimage\"},\"datePublished\":\"2016-02-15T14:07:13+00:00\",\"dateModified\":\"2016-02-16T10:58:33+00:00\",\"breadcrumb\":{\"@id\":\"https:\/\/www.lippstaedteranhaenger.de\/pl\/usugi\/#breadcrumb\"},\"inLanguage\":\"pl-PL\",\"potentialAction\":[{\"@type\":\"ReadAction\",\"target\":[\"https:\/\/www.lippstaedteranhaenger.de\/pl\/usugi\/\"]}]},{\"@type\":\"BreadcrumbList\",\"@id\":\"https:\/\/www.lippstaedteranhaenger.de\/pl\/usugi\/#breadcrumb\",\"itemListElement\":[{\"@type\":\"ListItem\",\"position\":1,\"name\":\"Startseite\",\"item\":\"https:\/\/www.lippstaedteranhaenger.de\/pl\/\"},{\"@type\":\"ListItem\",\"position\":2,\"name\":\"Us\\u0142ugi\"}]}]}<\/script>\n<!-- \/ Yoast SEO plugin. -->","yoast_head_json":{"title":"Us\u0142ugi - Lippst\u00e4dter Anh\u00e4nger","robots":{"index":"index","follow":"follow","max-snippet":"max-snippet:-1","max-image-preview":"max-image-preview:large","max-video-preview":"max-video-preview:-1"},"canonical":"https:\/\/www.lippstaedteranhaenger.de\/pl\/usugi\/","og_locale":"pl_PL","og_type":"article","og_title":"Us\u0142ugi - Lippst\u00e4dter Anh\u00e4nger","og_description":"Na 25.000 m2 powierzchni wystawowej do wyboru jest stale ponad 450 zabud\u00f3w wymiennych BDF i przyczep wymiennych w r\u00f3\u017cnych wersjach. W wyszukiwarce pojazd\u00f3w znajd\u0105 Pa\u0144stwo przegl\u0105d naszej oferty si\u0119gaj\u0105cej od tanich wymiennych kontener\u00f3w magazynowych poprzez zabudowy platformowe do materia\u0142\u00f3w budowlanych, skrzynie o r\u00f3\u017cnych systemach plandekowych czy zamkni\u0119te zabudowy wymienne o r\u00f3\u017cnym wyposa\u017ceniu wewn\u0119trznym ze stali, [&hellip;]","og_url":"https:\/\/www.lippstaedteranhaenger.de\/pl\/usugi\/","og_site_name":"Lippst\u00e4dter Anh\u00e4nger","article_publisher":"https:\/\/www.facebook.com\/lippstaedteranhaenger.de","article_modified_time":"2016-02-16T10:58:33+00:00","og_image":[{"url":"https:\/\/www.lippstaedteranhaenger.de\/wp-content\/uploads\/Acr1472832-605x233.jpg"}],"twitter_misc":{"Est. reading time":"3 minutes"},"schema":{"@context":"https:\/\/schema.org","@graph":[{"@type":"WebSite","@id":"https:\/\/www.lippstaedteranhaenger.de\/#website","url":"https:\/\/www.lippstaedteranhaenger.de\/","name":"Lippst\u00e4dter Anh\u00e4nger","description":"","potentialAction":[{"@type":"SearchAction","target":{"@type":"EntryPoint","urlTemplate":"https:\/\/www.lippstaedteranhaenger.de\/?s={search_term_string}"},"query-input":"required name=search_term_string"}],"inLanguage":"pl-PL"},{"@type":"ImageObject","@id":"https:\/\/www.lippstaedteranhaenger.de\/pl\/usugi\/#primaryimage","inLanguage":"pl-PL","url":"https:\/\/www.lippstaedteranhaenger.de\/wp-content\/uploads\/\/Acr1472832-605x233.jpg","contentUrl":"https:\/\/www.lippstaedteranhaenger.de\/wp-content\/uploads\/\/Acr1472832-605x233.jpg"},{"@type":"WebPage","@id":"https:\/\/www.lippstaedteranhaenger.de\/pl\/usugi\/#webpage","url":"https:\/\/www.lippstaedteranhaenger.de\/pl\/usugi\/","name":"Us\u0142ugi - Lippst\u00e4dter Anh\u00e4nger","isPartOf":{"@id":"https:\/\/www.lippstaedteranhaenger.de\/#website"},"primaryImageOfPage":{"@id":"https:\/\/www.lippstaedteranhaenger.de\/pl\/usugi\/#primaryimage"},"datePublished":"2016-02-15T14:07:13+00:00","dateModified":"2016-02-16T10:58:33+00:00","breadcrumb":{"@id":"https:\/\/www.lippstaedteranhaenger.de\/pl\/usugi\/#breadcrumb"},"inLanguage":"pl-PL","potentialAction":[{"@type":"ReadAction","target":["https:\/\/www.lippstaedteranhaenger.de\/pl\/usugi\/"]}]},{"@type":"BreadcrumbList","@id":"https:\/\/www.lippstaedteranhaenger.de\/pl\/usugi\/#breadcrumb","itemListElement":[{"@type":"ListItem","position":1,"name":"Startseite","item":"https:\/\/www.lippstaedteranhaenger.de\/pl\/"},{"@type":"ListItem","position":2,"name":"Us\u0142ugi"}]}]}},"_links":{"self":[{"href":"https:\/\/www.lippstaedteranhaenger.de\/pl\/wp-json\/wp\/v2\/pages\/31271"}],"collection":[{"href":"https:\/\/www.lippstaedteranhaenger.de\/pl\/wp-json\/wp\/v2\/pages"}],"about":[{"href":"https:\/\/www.lippstaedteranhaenger.de\/pl\/wp-json\/wp\/v2\/types\/page"}],"author":[{"embeddable":true,"href":"https:\/\/www.lippstaedteranhaenger.de\/pl\/wp-json\/wp\/v2\/users\/1"}],"replies":[{"embeddable":true,"href":"https:\/\/www.lippstaedteranhaenger.de\/pl\/wp-json\/wp\/v2\/comments?post=31271"}],"version-history":[{"count":4,"href":"https:\/\/www.lippstaedteranhaenger.de\/pl\/wp-json\/wp\/v2\/pages\/31271\/revisions"}],"predecessor-version":[{"id":31346,"href":"https:\/\/www.lippstaedteranhaenger.de\/pl\/wp-json\/wp\/v2\/pages\/31271\/revisions\/31346"}],"wp:attachment":[{"href":"https:\/\/www.lippstaedteranhaenger.de\/pl\/wp-json\/wp\/v2\/media?parent=31271"}],"curies":[{"name":"wp","href":"https:\/\/api.w.org\/{rel}","templated":true}]}}